{"id":1361,"date":"2020-07-17T02:07:27","date_gmt":"2020-07-17T02:07:27","guid":{"rendered":"http:\/\/pandanus.quo-staging.com\/dining\/"},"modified":"2025-09-17T15:32:47","modified_gmt":"2025-09-17T08:32:47","slug":"dining","status":"publish","type":"page","link":"https:\/\/www.pandanusresort.com\/vn\/dining\/","title":{"rendered":"\u1ea8m th\u1ef1c"},"content":{"rendered":"\t\t<div data-elementor-type=\"wp-page\" data-elementor-id=\"1361\" class=\"elementor elementor-1361 elementor-66\" data-elementor-post-type=\"page\">\n\t\t\t\t\t\t<section class=\"elementor-section elementor-top-section elementor-element elementor-element-a538c6d elementor-section-stretched elementor-section-full_width elementor-section-height-default elementor-section-height-default\" data-id=\"a538c6d\" data-element_type=\"section\" data-e-type=\"section\" data-settings=\"{&quot;stretch_section&quot;:&quot;section-stretched&quot;}\">\n\t\t\t\t\t\t<div class=\"elementor-container elementor-column-gap-no\">\n\t\t\t\t\t<div class=\"elementor-column elementor-col-100 elementor-top-column elementor-element elementor-element-fdd9652\" data-id=\"fdd9652\" data-element_type=\"column\" data-e-type=\"column\">\n\t\t\t<div class=\"elementor-widget-wrap elementor-element-populated\">\n\t\t\t\t\t\t<div class=\"elementor-element elementor-element-f258275 elementor-widget elementor-widget-shortcode\" data-id=\"f258275\" data-element_type=\"widget\" data-e-type=\"widget\" data-widget_type=\"shortcode.default\">\n\t\t\t\t<div class=\"elementor-widget-container\">\n\t\t\t\t\t\t\t<div class=\"elementor-shortcode\">\t<section class=\"hero-section\">\n\t\t<div class=\"js-hero-slide js--slides--background\">\n\t\t\t\t\t\t\t<div class=\"item \">\n\t\t\t\t\t<div class=\"image-box figure ratio-hero\">\n\t\t\t\t\t\t\t\t\t\t\t\t\t<div class=\"elementor-image is--desktop\">\n\t\t\t\t\t\t\t\t<img data-src=\"https:\/\/www.pandanusresort.com\/wp-content\/uploads\/2025\/09\/Pandanus-Resort-Dining-Huong-vi-Pandanus.webp\" alt=\"Pandanus Resort Dining Huong Vi Pandanus\" title=\"Pool Bar\">\n\t\t\t\t\t\t\t<\/div>\n\t\t\t\t\t\t\t<div class=\"elementor-image is--mobile\">\n\t\t\t\t\t\t\t\t<img data-src=\"https:\/\/www.pandanusresort.com\/wp-content\/uploads\/2025\/09\/Pandanus-Resort-Dining.webp\" alt=\"Pandanus Resort Dining\" title=\"Pool Bar\">\n\t\t\t\t\t\t\t<\/div>\n\t\t\t\t\t\t\t\t\t\t\t<\/div>\n\t\t\t\t<\/div>\n\t\t\t\t\t<\/div>\n\t\t<div class=\"hero-caption\">\n\t\t\t<!--  homepage is H1  -->\n\t\t\t<h2>Nh\u00e0 h\u00e0ng v\u00e0 Qu\u1ea7y bar<\/h2>\n\t\t\t<h4>H\u01b0\u01a1ng V\u1ecb \u0110\u1ecba Ph\u01b0\u01a1ng H\u00f2a Quy\u1ec7n C\u00f9ng \u1ea8m Th\u1ef1c Qu\u1ed1c T\u1ebf <\/h4>\n\t\t<\/div>\n\t\t\t<\/section>\n\t<\/div>\n\t\t\t\t\t\t<\/div>\n\t\t\t\t<\/div>\n\t\t\t\t\t<\/div>\n\t\t<\/div>\n\t\t\t\t\t<\/div>\n\t\t<\/section>\n\t\t\t\t<section class=\"elementor-section elementor-top-section elementor-element elementor-element-5586c68 elementor-section-stretched elementor-section-full_width introduction-section custom-container option-3 elementor-section-height-default elementor-section-height-default\" data-id=\"5586c68\" data-element_type=\"section\" data-e-type=\"section\" data-settings=\"{&quot;stretch_section&quot;:&quot;section-stretched&quot;}\">\n\t\t\t\t\t\t<div class=\"elementor-container elementor-column-gap-default\">\n\t\t\t\t\t<div class=\"elementor-column elementor-col-50 elementor-top-column elementor-element elementor-element-fba0ee9 col-mobile-width\" data-id=\"fba0ee9\" data-element_type=\"column\" data-e-type=\"column\">\n\t\t\t<div class=\"elementor-widget-wrap elementor-element-populated\">\n\t\t\t\t\t\t<div class=\"elementor-element elementor-element-1bd9376 elementor-widget elementor-widget-text-editor\" data-id=\"1bd9376\" data-element_type=\"widget\" data-e-type=\"widget\" data-widget_type=\"text-editor.default\">\n\t\t\t\t<div class=\"elementor-widget-container\">\n\t\t\t\t\t\t\t\t\t<h2>Thi\u00ean \u0111\u01b0\u1eddng c\u1ee7a m\u0129 v\u1ecb<\/h2>\n\t\t\t\t\t\t\t\t<\/div>\n\t\t\t\t<\/div>\n\t\t\t\t\t<\/div>\n\t\t<\/div>\n\t\t\t\t<div class=\"elementor-column elementor-col-50 elementor-top-column elementor-element elementor-element-6597af0 col-mobile-width\" data-id=\"6597af0\" data-element_type=\"column\" data-e-type=\"column\">\n\t\t\t<div class=\"elementor-widget-wrap elementor-element-populated\">\n\t\t\t\t\t\t<div class=\"elementor-element elementor-element-a8d10ba elementor-widget elementor-widget-text-editor\" data-id=\"a8d10ba\" data-element_type=\"widget\" data-e-type=\"widget\" data-widget_type=\"text-editor.default\">\n\t\t\t\t<div class=\"elementor-widget-container\">\n\t\t\t\t\t\t\t\t\t<p>G\u1ed3m c\u00f3 hai nh\u00e0 h\u00e0ng, hai qu\u1ea7y bar, c\u00e1c s\u1ef1 ki\u1ec7n \u1ea9m th\u1ef1c h\u1ea3i s\u1ea3n h\u00e0ng \u0111\u00eam, bu\u1ed5i ph\u1ee5c v\u1ee5 m\u00f3n \u0103n \u0111\u01b0\u1eddng ph\u1ed1. D\u00f9 b\u1ea5t c\u1ee9 s\u1ef1 ki\u1ec7n n\u00e0o, ph\u1ee5c v\u1ee5 cho m\u1ed9t nh\u00f3m ng\u01b0\u1eddi, hay cho gia \u0111\u00ecnh ho\u1eb7c c\u1eb7p \u0111\u00f4i, Pandanus lu\u00f4n <span style=\"font-weight: 400;\">ch\u1ec9n<\/span> chu trong t\u1eebng l\u1ef1a ch\u1ecdn v\u00e0 t\u1ea1o c\u1ea3m gi\u00e1c ngon mi\u1ec7ng m\u00e0 du kh\u00e1ch kh\u00f4ng th\u1ec3 n\u00e0o qu\u00ean.<\/p><p>Th\u1ef1c \u0111\u01a1n \u0111a d\u1ea1ng g\u1ed3m nhi\u1ec1u m\u00f3n ngon cho tr\u1ebb em \u0111\u1ec3 l\u1ef1a ch\u1ecdn, d\u00f9 l\u00e0 m\u00f3n \u00c2u hay \u00c1 c\u0169ng s\u1ebd l\u00e0m v\u1eeba l\u00f2ng k\u1ec3 c\u1ea3 nh\u1eefng th\u1ef1c kh\u00e1ch kh\u00f3 t\u00ednh nh\u1ea5t<\/p><p>Buffet s\u00e1ng t\u1ea1i Caf\u00e9 Blue Lagoon nh\u1eadn \u0111\u01b0\u1ee3c nhi\u1ec1u \u0111\u00e1nh gi\u00e1 t\u00edch c\u1ef1c t\u1eeb du kh\u00e1ch. Trong s\u1ed1 \u0111\u00f3 c\u00f3 nhi\u1ec1u ng\u01b0\u1eddi g\u1ecdi \u0111\u00e2y l\u00e0 b\u1eefa s\u00e1ng th\u1ecbnh so\u1ea1n nh\u1ea5t m\u00e0 h\u1ecd t\u1eebng th\u1ea5y. Nh\u00e0 h\u00e0ng Sun Terrace \u0111em l\u1ea1i s\u1ef1 tho\u1ea3i m\u00e1i cho du kh\u00e1ch khi d\u00f9ng b\u1eefa tr\u01b0a b\u00ean h\u1ed3 b\u01a1i ho\u1eb7c \u0111\u1ed3 \u0103n nh\u1eb9 b\u00ean b\u1edd bi\u1ec3n. Khi ho\u00e0ng h\u00f4n bu\u00f4ng xu\u1ed1ng c\u0169ng l\u00e0 l\u00fac Happy Hour b\u1eaft \u0111\u1ea7u t\u1ea1i Waterfall Lounge. M\u1ed7i bu\u1ed5i t\u1ed1i, du kh\u00e1ch c\u00f3 th\u1ec3 v\u1eeba nh\u00e2m nhi c\u00e1c m\u00f3n \u0103n ngon \u0111\u01b0\u1ee3c ph\u1ee5c v\u1ee5 c\u00f9ng c\u00e1c lo\u1ea1i \u0111\u1ed3 u\u1ed1ng c\u00f3 c\u1ed3n v\u00e0 kh\u00f4ng c\u1ed3n trong khi th\u01b0\u1edfng th\u1ee9c m\u00e0n tr\u00ecnh di\u1ec5n \u0111\u1ebfn t\u1eeb ban nh\u1ea1c c\u1ee7a ch\u00fang t\u00f4i.<\/p>\t\t\t\t\t\t\t\t<\/div>\n\t\t\t\t<\/div>\n\t\t\t\t\t<\/div>\n\t\t<\/div>\n\t\t\t\t\t<\/div>\n\t\t<\/section>\n\t\t\t\t<section class=\"elementor-section elementor-top-section elementor-element elementor-element-bff0ca6 elementor-section-stretched elementor-section-full_width content-with-square-image-section no-space  elementor-section-height-default elementor-section-height-default\" data-id=\"bff0ca6\" data-element_type=\"section\" data-e-type=\"section\" data-settings=\"{&quot;stretch_section&quot;:&quot;section-stretched&quot;}\">\n\t\t\t\t\t\t<div class=\"elementor-container elementor-column-gap-no\">\n\t\t\t\t\t<div class=\"elementor-column elementor-col-100 elementor-top-column elementor-element elementor-element-fd32290\" data-id=\"fd32290\" data-element_type=\"column\" data-e-type=\"column\">\n\t\t\t<div class=\"elementor-widget-wrap elementor-element-populated\">\n\t\t\t\t\t\t<div class=\"elementor-element elementor-element-5aa4e63 elementor-widget elementor-widget-shortcode\" data-id=\"5aa4e63\" data-element_type=\"widget\" data-e-type=\"widget\" data-widget_type=\"shortcode.default\">\n\t\t\t\t<div class=\"elementor-widget-container\">\n\t\t\t\t\t\t\t<div class=\"elementor-shortcode\">\t<section class=\"content-with-square-image-section no-space \">\n\t\t\t\t\t<div class=\"row items  \">\n\t\t\t\t<div class=\"col-sm-12 col-lg-8 image-box mask-rooms mask rectangle\">\n\t\t\t\t\t<div class=\"js--background ratio-rectangle\">\n\t\t\t\t\t\t<div class=\"elementor-image\">\n\t\t\t\t\t\t\t<img data-src=\"https:\/\/www.pandanusresort.com\/wp-content\/uploads\/2020\/07\/Pandanus-Resort-Cafe-Blue-Lagoon-feature.webp\" alt=\"Pandanus Resort Cafe Blue Lagoon Feature\" title=\"Pool Bar\">\n\t\t\t\t\t\t<\/div>\n\t\t\t\t\t<\/div>\n\t\t\t\t\t<div class=\"controls-dots\"><\/div>\n\t\t\t\t<\/div>\n\t\t\t\t<div class=\"col-sm-12 col-lg-4 content-box\">\n\t\t\t\t\t<h3>Caf\u00e9 Blue Lagoon<\/h3>\n\t\t\t\t\t<p>Nh\u00e0 h\u00e0ng ph\u1ee5c v\u1ee5 \u1ea9m th\u1ef1c c\u1ea3 ng\u00e0y lu\u00f4n s\u1eb5n s\u00e0ng ch\u00e0o \u0111\u00f3n du kh\u00e1ch. \u0110\u00e2y l\u00e0 n\u01a1i ph\u1ee5c v\u1ee5 buffet s\u00e1ng phong ph\u00fa c\u0169ng nh\u01b0 b\u1eefa t\u1ed1i ph\u1ee5c v\u1ee5 nh\u1eefng m\u00f3n \u0103n \u0111\u01b0\u1eddng ph\u1ed1 trong kh\u00f4ng gian \u00e2m nh\u1ea1c s\u00f4i \u0111\u1ed9ng. Menu phong ph\u00fa c\u00e1c m\u00f3n \u0103n t\u1eeb Ch\u00e2u \u00c1 \u0111\u1ebfn qu\u1ed1c t\u1ebf s\u1ebd l\u00e0m h\u00e0i l\u00f2ng du kh\u00e1ch. Ngo\u00e0i ra, nh\u00e0 h\u00e0ng c\u0169ng k\u00e8m theo menu d\u00e0nh cho tr\u1ebb em, ph\u1ee5c v\u1ee5 c\u00e1c m\u00f3n \u0103n y\u00eau th\u00edch d\u00e0nh cho c\u00e1c b\u00e9 y\u00eau \u0111ang tu\u1ed5i \u0103n tu\u1ed5i l\u1edbn. C\u00f9ng gh\u00e9 nh\u00e0 h\u00e0ng b\u1ea5t k\u1ec3 th\u1eddi gian n\u00e0o \u0111\u1ec3 th\u01b0\u1edfng th\u1ee9c nh\u1eefng m\u00f3n \u0103n tinh t\u1ebf v\u00e0 \u0111\u1eb7c s\u1eafc.<\/p>\n\t\t\t\t\t<div class=\"info\">\n\t\t\t\t\t\t<p><strong>M\u1edf c\u1eeda:<br \/>\n<\/strong>24\/7 h\u00e0ng ng\u00e0y<br \/>\nBuffet S\u00e1ng: 06:30 \u2013 10:00<\/p>\n\t\t\t\t\t<\/div>\n\t\t\t\t\t<div class=\"button-box\">\n\t\t\t\t\t\t<a href=\"https:\/\/www.pandanusresort.com\/vn\/restaurant\/cafe-blue-lagoon\/\" class=\"btn btn-default\">T\u00ecm hi\u1ec3u th\u00eam<\/a>\n\t\t\t\t\t\t\t\t\t\t\t\t\t<a href=\"#elementor-action%3Aaction%3Dpopup%3Aopen%26settings%3DeyJpZCI6MzkyMCwidG9nZ2xlIjpmYWxzZX0%3D\" class=\"btn btn-primary btn-reservation\">\u0110\u1eb6T B\u00c0N<\/a>\n\t\t\t\t\t\t\t\t\t\t\t<\/div>\n\t\t\t\t<\/div>\n\t\t\t<\/div>\n\t\t\t\t\t<div class=\"row items reverse \">\n\t\t\t\t<div class=\"col-sm-12 col-lg-8 image-box mask-rooms mask rectangle\">\n\t\t\t\t\t<div class=\"js--background ratio-rectangle\">\n\t\t\t\t\t\t<div class=\"elementor-image\">\n\t\t\t\t\t\t\t<img data-src=\"https:\/\/www.pandanusresort.com\/wp-content\/uploads\/2020\/07\/Pandanus-resort-restaurant-SunTerrace.jpg\" alt=\"Pandanus Resort Restaurant SunTerrace\" title=\"Pool Bar\">\n\t\t\t\t\t\t<\/div>\n\t\t\t\t\t<\/div>\n\t\t\t\t\t<div class=\"controls-dots\"><\/div>\n\t\t\t\t<\/div>\n\t\t\t\t<div class=\"col-sm-12 col-lg-4 content-box\">\n\t\t\t\t\t<h3>The Sun Terrace<\/h3>\n\t\t\t\t\t<p>Khi b\u1ea1n mu\u1ed1n c\u00f3 m\u1ed9t b\u1eefa \u0103n nh\u1eb9 v\u00e0 bu\u1ed5i tr\u01b0a ho\u1eb7c bu\u1ed5i chi\u1ec1u nh\u01b0ng kh\u00f4ng th\u1ec3 r\u1eddi kh\u1ecfi b\u1edd bi\u1ec3n v\u00e0 h\u1ed3 b\u01a1i xinh \u0111\u1eb9p, h\u00e3y d\u1ea1o b\u01b0\u1edbc \u0111\u1ebfn Sun Terrace \u0111\u1ec3 th\u01b0\u1edfng th\u1ee9c \u1ea9m th\u1ef1c, r\u01b0\u1ee3u vang, c\u00e0 ph\u00ea v\u00e0 cocktail trong ti\u1ebfng s\u00f3ng v\u1ed7 r\u00ec r\u00e0o c\u1ee7a bi\u1ec3n kh\u01a1i.<\/p>\n\t\t\t\t\t<div class=\"info\">\n\t\t\t\t\t\t<p><strong>Gi\u1edd m\u1edf c\u1eeda:<\/strong><br \/>\n10:00 \u2013 22:00<\/p>\n\t\t\t\t\t<\/div>\n\t\t\t\t\t<div class=\"button-box\">\n\t\t\t\t\t\t<a href=\"https:\/\/www.pandanusresort.com\/vn\/restaurant\/sun-terrace-restaurant\/\" class=\"btn btn-default\">T\u00ecm hi\u1ec3u th\u00eam<\/a>\n\t\t\t\t\t\t\t\t\t\t\t\t\t<a href=\"#elementor-action%3Aaction%3Dpopup%3Aopen%26settings%3DeyJpZCI6MzkyMCwidG9nZ2xlIjpmYWxzZX0%3D\" class=\"btn btn-primary btn-reservation\">\u0110\u1eb6T B\u00c0N<\/a>\n\t\t\t\t\t\t\t\t\t\t\t<\/div>\n\t\t\t\t<\/div>\n\t\t\t<\/div>\n\t\t\t\t\t<div class=\"row items  \">\n\t\t\t\t<div class=\"col-sm-12 col-lg-8 image-box mask-rooms mask rectangle\">\n\t\t\t\t\t<div class=\"js--background ratio-rectangle\">\n\t\t\t\t\t\t<div class=\"elementor-image\">\n\t\t\t\t\t\t\t<img data-src=\"https:\/\/www.pandanusresort.com\/wp-content\/uploads\/2020\/07\/Pandanus-Resort-Waterfall-Lounge.webp\" alt=\"Pandanus Resort Waterfall Lounge\" title=\"Pool Bar\">\n\t\t\t\t\t\t<\/div>\n\t\t\t\t\t<\/div>\n\t\t\t\t\t<div class=\"controls-dots\"><\/div>\n\t\t\t\t<\/div>\n\t\t\t\t<div class=\"col-sm-12 col-lg-4 content-box\">\n\t\t\t\t\t<h3>Waterfall Lounge<\/h3>\n\t\t\t\t\t<p>Th\u1ee9c u\u1ed1ng \u0111\u1eb7c tr\u01b0ng \u1edf Waterfall Lounge l\u00e0 nh\u1eefng ly cocktail tr\u00e1i c\u00e2y mi\u1ec1n nhi\u1ec7t \u0111\u1edbi th\u01a1m m\u00e1t, ly r\u01b0\u1ee3u n\u1ed3ng c\u00f2n \u0111\u1ecdng m\u00e3i d\u01b0 v\u1ecb tr\u00ean m\u00f4i hay c\u1ed1c bia m\u00e1t l\u1ea1nh s\u1ea3ng kho\u00e1i. Ch\u1ecdn cho m\u00ecnh m\u1ed9t th\u1ee9c u\u1ed1ng gi\u00fap xua tan c\u01a1n kh\u00e1t v\u00e0 l\u1eafng nghe giai \u0111i\u1ec7u ng\u1ecdt ng\u00e0o \u0111\u1ebfn t\u1eeb ban nh\u1ea1c c\u1ee7a ch\u00fang t\u00f4i.<\/p>\n\t\t\t\t\t<div class=\"info\">\n\t\t\t\t\t\t<p><strong>Gi\u1edd m\u1edf c\u1eeda:<\/strong><br \/>\n12:00 \u2013 00:00<br \/>\nNh\u1ea1c s\u1ed1ng: 19:00 \u2013 22:00<\/p>\n\t\t\t\t\t<\/div>\n\t\t\t\t\t<div class=\"button-box\">\n\t\t\t\t\t\t<a href=\"https:\/\/www.pandanusresort.com\/vn\/restaurant\/waterfall-lounge\/\" class=\"btn btn-default\">T\u00ecm hi\u1ec3u th\u00eam<\/a>\n\t\t\t\t\t\t\t\t\t\t\t\t\t<a href=\"#elementor-action%3Aaction%3Dpopup%3Aopen%26settings%3DeyJpZCI6MzkyMCwidG9nZ2xlIjpmYWxzZX0%3D\" class=\"btn btn-primary btn-reservation\">\u0110\u1eb6T B\u00c0N<\/a>\n\t\t\t\t\t\t\t\t\t\t\t<\/div>\n\t\t\t\t<\/div>\n\t\t\t<\/div>\n\t\t\t\t\t<div class=\"row items reverse \">\n\t\t\t\t<div class=\"col-sm-12 col-lg-8 image-box mask-rooms mask rectangle\">\n\t\t\t\t\t<div class=\"js--background ratio-rectangle\">\n\t\t\t\t\t\t<div class=\"elementor-image\">\n\t\t\t\t\t\t\t<img data-src=\"https:\/\/www.pandanusresort.com\/wp-content\/uploads\/2020\/07\/Pandanus-Resort-Pool-Bar-Garden-pool-2.webp\" alt=\"Pandanus Resort Pool Bar Garden Pool 2\" title=\"Pool Bar\">\n\t\t\t\t\t\t<\/div>\n\t\t\t\t\t<\/div>\n\t\t\t\t\t<div class=\"controls-dots\"><\/div>\n\t\t\t\t<\/div>\n\t\t\t\t<div class=\"col-sm-12 col-lg-4 content-box\">\n\t\t\t\t\t<h3>Pool Bar<\/h3>\n\t\t\t\t\t<p>H\u00e3y t\u1eadn h\u01b0\u1edfng c\u1ea3m gi\u00e1c m\u00e1t l\u1ea1nh s\u1ea3ng kho\u00e1i b\u1eb1ng m\u1ed9t ly cocktail, mocktail, sinh t\u1ed1 hay n\u01b0\u1edbc tr\u00e1i c\u00e2y th\u01a1m ngon ngay trong l\u00e0n n\u01b0\u1edbc trong m\u00e1t c\u1ee7a h\u1ed3 b\u01a1i.<\/p>\n\t\t\t\t\t<div class=\"info\">\n\t\t\t\t\t\t<p><strong>Gi\u1edd m\u1edf c\u1eeda:<br \/>\n<\/strong>10:00 \u2013 18:00<\/p>\n\t\t\t\t\t<\/div>\n\t\t\t\t\t<div class=\"button-box\">\n\t\t\t\t\t\t<a href=\"https:\/\/www.pandanusresort.com\/vn\/restaurant\/pool-bar\/\" class=\"btn btn-default\">T\u00ecm hi\u1ec3u th\u00eam<\/a>\n\t\t\t\t\t\t\t\t\t\t\t\t\t<a href=\"#elementor-action%3Aaction%3Dpopup%3Aopen%26settings%3DeyJpZCI6MzkyMCwidG9nZ2xlIjpmYWxzZX0%3D\" class=\"btn btn-primary btn-reservation\">\u0110\u1eb6T B\u00c0N<\/a>\n\t\t\t\t\t\t\t\t\t\t\t<\/div>\n\t\t\t\t<\/div>\n\t\t\t<\/div>\n\t\t\t<\/section>\n\t<\/div>\n\t\t\t\t\t\t<\/div>\n\t\t\t\t<\/div>\n\t\t\t\t\t<\/div>\n\t\t<\/div>\n\t\t\t\t\t<\/div>\n\t\t<\/section>\n\t\t\t\t<\/div>\n\t\t","protected":false},"excerpt":{"rendered":"<p>Thi\u00ean \u0111\u01b0\u1eddng c\u1ee7a m\u0129 v\u1ecb G\u1ed3m c\u00f3 hai nh\u00e0 h\u00e0ng, hai qu\u1ea7y bar, c\u00e1c s\u1ef1 ki\u1ec7n \u1ea9m th\u1ef1c h\u1ea3i s\u1ea3n h\u00e0ng \u0111\u00eam, bu\u1ed5i ph\u1ee5c v\u1ee5 m\u00f3n \u0103n \u0111\u01b0\u1eddng ph\u1ed1. D\u00f9 b\u1ea5t c\u1ee9 s\u1ef1 ki\u1ec7n n\u00e0o, ph\u1ee5c v\u1ee5 cho m\u1ed9t nh\u00f3m ng\u01b0\u1eddi, hay cho gia \u0111\u00ecnh ho\u1eb7c c\u1eb7p \u0111\u00f4i, Pandanus lu\u00f4n ch\u1ec9n chu trong t\u1eebng l\u1ef1a [&hellip;]<\/p>\n","protected":false},"author":1,"featured_media":404559,"parent":0,"menu_order":25,"comment_status":"closed","ping_status":"closed","template":"","meta":{"_acf_changed":false,"ngg_post_thumbnail":0,"footnotes":""},"class_list":["post-1361","page","type-page","status-publish","has-post-thumbnail","hentry"],"acf":[],"_links":{"self":[{"href":"https:\/\/www.pandanusresort.com\/vn\/wp-json\/wp\/v2\/pages\/1361","targetHints":{"allow":["GET"]}}],"collection":[{"href":"https:\/\/www.pandanusresort.com\/vn\/wp-json\/wp\/v2\/pages"}],"about":[{"href":"https:\/\/www.pandanusresort.com\/vn\/wp-json\/wp\/v2\/types\/page"}],"author":[{"embeddable":true,"href":"https:\/\/www.pandanusresort.com\/vn\/wp-json\/wp\/v2\/users\/1"}],"replies":[{"embeddable":true,"href":"https:\/\/www.pandanusresort.com\/vn\/wp-json\/wp\/v2\/comments?post=1361"}],"version-history":[{"count":0,"href":"https:\/\/www.pandanusresort.com\/vn\/wp-json\/wp\/v2\/pages\/1361\/revisions"}],"wp:featuredmedia":[{"embeddable":true,"href":"https:\/\/www.pandanusresort.com\/vn\/wp-json\/wp\/v2\/media\/404559"}],"wp:attachment":[{"href":"https:\/\/www.pandanusresort.com\/vn\/wp-json\/wp\/v2\/media?parent=1361"}],"curies":[{"name":"wp","href":"https:\/\/api.w.org\/{rel}","templated":true}]}}