{"id":1372,"date":"2020-07-17T02:08:08","date_gmt":"2020-07-17T02:08:08","guid":{"rendered":"http:\/\/pandanus.quo-staging.com\/meetings-events\/"},"modified":"2026-03-18T23:05:47","modified_gmt":"2026-03-18T16:05:47","slug":"meetings-events","status":"publish","type":"page","link":"https:\/\/www.pandanusresort.com\/vn\/meetings-events\/","title":{"rendered":"H\u1ed9i Ngh\u1ecb v\u00e0 S\u1ef1 Ki\u1ec7n"},"content":{"rendered":"\t\t<div data-elementor-type=\"wp-page\" data-elementor-id=\"1372\" class=\"elementor elementor-1372 elementor-72\" data-elementor-post-type=\"page\">\n\t\t\t\t\t\t<section class=\"elementor-section elementor-top-section elementor-element elementor-element-56da0973 elementor-section-stretched elementor-section-full_width elementor-section-height-default elementor-section-height-default\" data-id=\"56da0973\" data-element_type=\"section\" data-e-type=\"section\" data-settings=\"{&quot;stretch_section&quot;:&quot;section-stretched&quot;}\">\n\t\t\t\t\t\t<div class=\"elementor-container elementor-column-gap-no\">\n\t\t\t\t\t<div class=\"elementor-column elementor-col-100 elementor-top-column elementor-element elementor-element-3ac34d81\" data-id=\"3ac34d81\" data-element_type=\"column\" data-e-type=\"column\">\n\t\t\t<div class=\"elementor-widget-wrap elementor-element-populated\">\n\t\t\t\t\t\t<div class=\"elementor-element elementor-element-47ca73ed elementor-widget elementor-widget-shortcode\" data-id=\"47ca73ed\" data-element_type=\"widget\" data-e-type=\"widget\" data-widget_type=\"shortcode.default\">\n\t\t\t\t<div class=\"elementor-widget-container\">\n\t\t\t\t\t\t\t<div class=\"elementor-shortcode\">\t<section class=\"hero-section\">\n\t\t<div class=\"js-hero-slide js--slides--background\">\n\t\t\t\t\t\t\t<div class=\"item \">\n\t\t\t\t\t<div class=\"image-box figure ratio-hero\">\n\t\t\t\t\t\t\t\t\t\t\t\t\t<div class=\"elementor-image is--desktop\">\n\t\t\t\t\t\t\t\t<img data-src=\"https:\/\/www.pandanusresort.com\/wp-content\/uploads\/2025\/07\/Pandanus-Resort-Events-and-Meetings-Banner.webp\" alt=\"Pandanus Resort Events And Meetings Banner\" title=\"Khu V\u1ef1c T\u1ed5 Ch\u1ee9c Ti\u1ec7c Ngo\u00e0i Tr\u1eddi\">\n\t\t\t\t\t\t\t<\/div>\n\t\t\t\t\t\t\t<div class=\"elementor-image is--mobile\">\n\t\t\t\t\t\t\t\t<img data-src=\"https:\/\/www.pandanusresort.com\/wp-content\/uploads\/2025\/09\/Pandanus-Resort-Meetings-Events-Mobile.webp\" alt=\"Pandanus Resort Meetings Events Mobile\" title=\"Khu V\u1ef1c T\u1ed5 Ch\u1ee9c Ti\u1ec7c Ngo\u00e0i Tr\u1eddi\">\n\t\t\t\t\t\t\t<\/div>\n\t\t\t\t\t\t\t\t\t\t\t<\/div>\n\t\t\t\t<\/div>\n\t\t\t\t\t<\/div>\n\t\t<div class=\"hero-caption\">\n\t\t\t<!--  homepage is H1  -->\n\t\t\t<h2>H\u1ed9i Ngh\u1ecb & S\u1ef1 Ki\u1ec7n<\/h2>\n\t\t\t<h4>K\u1ebft n\u1ed1i \u0111\u1ed3ng \u0111\u1ed9i<\/h4>\n\t\t<\/div>\n\t\t\t<\/section>\n\t<\/div>\n\t\t\t\t\t\t<\/div>\n\t\t\t\t<\/div>\n\t\t\t\t\t<\/div>\n\t\t<\/div>\n\t\t\t\t\t<\/div>\n\t\t<\/section>\n\t\t\t\t<section class=\"elementor-section elementor-top-section elementor-element elementor-element-7b98c87 elementor-section-full_width introduction-section option-1 elementor-section-height-default elementor-section-height-default\" data-id=\"7b98c87\" data-element_type=\"section\" data-e-type=\"section\">\n\t\t\t\t\t\t<div class=\"elementor-container elementor-column-gap-no\">\n\t\t\t\t\t<div class=\"elementor-column elementor-col-100 elementor-top-column elementor-element elementor-element-321d19e container\" data-id=\"321d19e\" data-element_type=\"column\" data-e-type=\"column\">\n\t\t\t<div class=\"elementor-widget-wrap elementor-element-populated\">\n\t\t\t\t\t\t<section class=\"elementor-section elementor-inner-section elementor-element elementor-element-0767c49 elementor-section-full_width elementor-section-height-default elementor-section-height-default\" data-id=\"0767c49\" data-element_type=\"section\" data-e-type=\"section\">\n\t\t\t\t\t\t<div class=\"elementor-container elementor-column-gap-no\">\n\t\t\t\t\t<div class=\"elementor-column elementor-col-50 elementor-inner-column elementor-element elementor-element-acb84f3 col-sm-12 col-lg-4\" data-id=\"acb84f3\" data-element_type=\"column\" data-e-type=\"column\">\n\t\t\t<div class=\"elementor-widget-wrap elementor-element-populated\">\n\t\t\t\t\t\t<div class=\"elementor-element elementor-element-a470f41 elementor-widget elementor-widget-heading\" data-id=\"a470f41\" data-element_type=\"widget\" data-e-type=\"widget\" data-widget_type=\"heading.default\">\n\t\t\t\t<div class=\"elementor-widget-container\">\n\t\t\t\t\t<h2 class=\"elementor-heading-title elementor-size-default\"><h2 style=\"font-size: 40px;letter-spacing: 0.36px\">N\u01a1i H\u1ed9i T\u1ee5 cho Nh\u1eefng S\u1ef1 Ki\u1ec7n \u0110\u00e1ng Nh\u1edb<\/h2><\/h2>\t\t\t\t<\/div>\n\t\t\t\t<\/div>\n\t\t\t\t\t<\/div>\n\t\t<\/div>\n\t\t\t\t<div class=\"elementor-column elementor-col-50 elementor-inner-column elementor-element elementor-element-8e2d5b0 col-sm-12 col-lg-7\" data-id=\"8e2d5b0\" data-element_type=\"column\" data-e-type=\"column\">\n\t\t\t<div class=\"elementor-widget-wrap elementor-element-populated\">\n\t\t\t\t\t\t<div class=\"elementor-element elementor-element-61ded89 elementor-widget elementor-widget-text-editor\" data-id=\"61ded89\" data-element_type=\"widget\" data-e-type=\"widget\" data-widget_type=\"text-editor.default\">\n\t\t\t\t<div class=\"elementor-widget-container\">\n\t\t\t\t\t\t\t\t\t<p><span style=\"letter-spacing: 0.36px;\">Pandanus l\u00e0 \u0111\u1ecba \u0111i\u1ec3m ho\u00e0n h\u1ea3o cho c\u00e1c bu\u1ed5i g\u1eb7p m\u1eb7t \u0111\u00e1ng nh\u1edb c\u0169ng nh\u01b0 s\u1ef1 ki\u1ec7n h\u1ed9i h\u1ecdp doanh nghi\u1ec7p. Champa Centre cung c\u1ea5p di\u1ec7n t\u00edch h\u01a1n 650 m\u00e9t vu\u00f4ng v\u1edbi s\u1ee9c ch\u1ee9a l\u00ean \u0111\u1ebfn 500 kh\u00e1ch, c\u00f3 kh\u1ea3 n\u0103ng s\u1eafp x\u1ebfp c\u00e1c nh\u00f3m nh\u1ecf m\u01b0\u1eddi ng\u01b0\u1eddi. V\u1edbi kh\u00f4ng gian r\u1ed9ng l\u1edbn ph\u00f9 h\u1ee3p v\u1edbi c\u00e1c ho\u1ea1t \u0111\u1ed9ng ngo\u00e0i tr\u1eddi, ho\u1ea1t \u0111\u1ed9ng nh\u00f3m v\u00e0 nhi\u1ec1u h\u01a1n n\u1eefa, \u0111\u1ed9i ng\u0169 t\u1ed5 ch\u1ee9c s\u1ef1 ki\u1ec7n c\u1ee7a ch\u00fang t\u00f4i s\u1eb5n s\u00e0ng h\u1ed7 tr\u1ee3 m\u1ecdi nhu c\u1ea7u m\u00e0 nh\u00f3m b\u1ea1n mong mu\u1ed1n. Ch\u00fang t\u00f4i \u0111\u1ea3m b\u1ea3o r\u1eb1ng m\u1ecdi th\u1ee9 s\u1ebd di\u1ec5n ra su\u00f4n s\u1ebb v\u00ec nh\u00e2n vi\u00ean c\u1ee7a ch\u00fang t\u00f4i \u0111\u00e3 c\u00f3 nhi\u1ec1u n\u0103m kinh nghi\u1ec7m t\u1ed5 ch\u1ee9c nh\u1eefng bu\u1ed5i ti\u1ec7c t\u1ed1t nh\u1ea5t d\u00e0nh cho du kh\u00e1ch.<\/span><\/p>\t\t\t\t\t\t\t\t<\/div>\n\t\t\t\t<\/div>\n\t\t\t\t\t<\/div>\n\t\t<\/div>\n\t\t\t\t\t<\/div>\n\t\t<\/section>\n\t\t\t\t<section class=\"elementor-section elementor-inner-section elementor-element elementor-element-4178375 elementor-section-full_width elementor-section-height-default elementor-section-height-default\" data-id=\"4178375\" data-element_type=\"section\" data-e-type=\"section\">\n\t\t\t\t\t\t<div class=\"elementor-container elementor-column-gap-default\">\n\t\t\t\t\t<div class=\"elementor-column elementor-col-16 elementor-inner-column elementor-element elementor-element-60b7ba8 elementor-hidden-tablet elementor-hidden-phone\" data-id=\"60b7ba8\" data-element_type=\"column\" data-e-type=\"column\">\n\t\t\t<div class=\"elementor-widget-wrap\">\n\t\t\t\t\t\t\t<\/div>\n\t\t<\/div>\n\t\t\t\t<div class=\"elementor-column elementor-col-16 elementor-inner-column elementor-element elementor-element-55ca64e\" data-id=\"55ca64e\" data-element_type=\"column\" data-e-type=\"column\">\n\t\t\t<div class=\"elementor-widget-wrap\">\n\t\t\t\t\t\t\t<\/div>\n\t\t<\/div>\n\t\t\t\t<div class=\"elementor-column elementor-col-16 elementor-inner-column elementor-element elementor-element-0cf6447\" data-id=\"0cf6447\" data-element_type=\"column\" data-e-type=\"column\">\n\t\t\t<div class=\"elementor-widget-wrap elementor-element-populated\">\n\t\t\t\t\t\t<div class=\"elementor-element elementor-element-64cb7c7 elementor-align-center button-link elementor-widget elementor-widget-button\" data-id=\"64cb7c7\" data-element_type=\"widget\" data-e-type=\"widget\" data-widget_type=\"button.default\">\n\t\t\t\t<div class=\"elementor-widget-container\">\n\t\t\t\t\t\t\t\t\t<div class=\"elementor-button-wrapper\">\n\t\t\t\t\t<a class=\"elementor-button elementor-button-link elementor-size-md\" href=\"https:\/\/www.pandanusresort.com\/wp-content\/uploads\/2020\/11\/mice-presentation.pdf\">\n\t\t\t\t\t\t<span class=\"elementor-button-content-wrapper\">\n\t\t\t\t\t\t\t\t\t<span class=\"elementor-button-text\">GI\u1edaI THI\u1ec6U<\/span>\n\t\t\t\t\t<\/span>\n\t\t\t\t\t<\/a>\n\t\t\t\t<\/div>\n\t\t\t\t\t\t\t\t<\/div>\n\t\t\t\t<\/div>\n\t\t\t\t\t<\/div>\n\t\t<\/div>\n\t\t\t\t<div class=\"elementor-column elementor-col-16 elementor-inner-column elementor-element elementor-element-2731d09\" data-id=\"2731d09\" data-element_type=\"column\" data-e-type=\"column\">\n\t\t\t<div class=\"elementor-widget-wrap elementor-element-populated\">\n\t\t\t\t\t\t<div class=\"elementor-element elementor-element-9b5fdfb elementor-align-center button-link orange elementor-widget__width-initial elementor-widget elementor-widget-button\" data-id=\"9b5fdfb\" data-element_type=\"widget\" data-e-type=\"widget\" data-widget_type=\"button.default\">\n\t\t\t\t<div class=\"elementor-widget-container\">\n\t\t\t\t\t\t\t\t\t<div class=\"elementor-button-wrapper\">\n\t\t\t\t\t<a class=\"elementor-button elementor-button-link elementor-size-sm\" href=\"https:\/\/tinyurl.com\/zalooapandanus\">\n\t\t\t\t\t\t<span class=\"elementor-button-content-wrapper\">\n\t\t\t\t\t\t\t\t\t<span class=\"elementor-button-text\">LI\u00caN H\u1ec6<\/span>\n\t\t\t\t\t<\/span>\n\t\t\t\t\t<\/a>\n\t\t\t\t<\/div>\n\t\t\t\t\t\t\t\t<\/div>\n\t\t\t\t<\/div>\n\t\t\t\t\t<\/div>\n\t\t<\/div>\n\t\t\t\t<div class=\"elementor-column elementor-col-16 elementor-inner-column elementor-element elementor-element-1513ab5\" data-id=\"1513ab5\" data-element_type=\"column\" data-e-type=\"column\">\n\t\t\t<div class=\"elementor-widget-wrap\">\n\t\t\t\t\t\t\t<\/div>\n\t\t<\/div>\n\t\t\t\t<div class=\"elementor-column elementor-col-16 elementor-inner-column elementor-element elementor-element-605195a\" data-id=\"605195a\" data-element_type=\"column\" data-e-type=\"column\">\n\t\t\t<div class=\"elementor-widget-wrap\">\n\t\t\t\t\t\t\t<\/div>\n\t\t<\/div>\n\t\t\t\t\t<\/div>\n\t\t<\/section>\n\t\t\t\t\t<\/div>\n\t\t<\/div>\n\t\t\t\t\t<\/div>\n\t\t<\/section>\n\t\t\t\t<section class=\"elementor-section elementor-top-section elementor-element elementor-element-ccd88b6 elementor-section-stretched elementor-section-full_width content-with-square-slides-section custom-container elementor-section-height-default elementor-section-height-default\" data-id=\"ccd88b6\" data-element_type=\"section\" data-e-type=\"section\" data-settings=\"{&quot;stretch_section&quot;:&quot;section-stretched&quot;}\">\n\t\t\t\t\t\t<div class=\"elementor-container elementor-column-gap-default\">\n\t\t\t\t\t<div class=\"elementor-column elementor-col-100 elementor-top-column elementor-element elementor-element-399ea87\" data-id=\"399ea87\" data-element_type=\"column\" data-e-type=\"column\">\n\t\t\t<div class=\"elementor-widget-wrap elementor-element-populated\">\n\t\t\t\t\t\t<div class=\"elementor-element elementor-element-dc8bce5 title-box elementor-widget elementor-widget-text-editor\" data-id=\"dc8bce5\" data-element_type=\"widget\" data-e-type=\"widget\" data-widget_type=\"text-editor.default\">\n\t\t\t\t<div class=\"elementor-widget-container\">\n\t\t\t\t\t\t\t\t\t<h2>Ph\u00f2ng h\u1ecdp<\/h2>\n\t\t\t\t\t\t\t\t<\/div>\n\t\t\t\t<\/div>\n\t\t\t\t<div class=\"elementor-element elementor-element-181627f elementor-widget elementor-widget-shortcode\" data-id=\"181627f\" data-element_type=\"widget\" data-e-type=\"widget\" data-widget_type=\"shortcode.default\">\n\t\t\t\t<div class=\"elementor-widget-container\">\n\t\t\t\t\t\t\t<div class=\"elementor-shortcode\">\t<div class=\"content-box-wrapper\">\n\t\t\t\t\t<div class=\"row items\">\n\t\t\t\t<div class=\"col-sm-12 col-lg-8 slide-box mask-rectangle mask rectangle\">\n\t\t\t\t\t<div class=\"js-single-slide js--slides--background\">\n\t\t\t\t\t\t\t\t\t\t\t\t\t<div class=\"item\">\n\t\t\t\t\t\t\t\t<div class=\"figure ratio-rectangle\">\n\t\t\t\t\t\t\t\t\t<div class=\"elementor-image\">\n\t\t\t\t\t\t\t\t\t\t<img data-src=\"https:\/\/www.pandanusresort.com\/wp-content\/uploads\/2025\/06\/Meetings-at-Pandanus-Resort-01.jpg\" alt=\"Meetings At Pandanus Resort 01\" title=\"Khu V\u1ef1c T\u1ed5 Ch\u1ee9c Ti\u1ec7c Ngo\u00e0i Tr\u1eddi\">\n\t\t\t\t\t\t\t\t\t<\/div>\n\t\t\t\t\t\t\t\t<\/div>\n\t\t\t\t\t\t\t<\/div>\n\t\t\t\t\t\t\t\t\t\t\t\t\t<div class=\"item\">\n\t\t\t\t\t\t\t\t<div class=\"figure ratio-rectangle\">\n\t\t\t\t\t\t\t\t\t<div class=\"elementor-image\">\n\t\t\t\t\t\t\t\t\t\t<img data-src=\"https:\/\/www.pandanusresort.com\/wp-content\/uploads\/2020\/07\/Pandanus-resort-champa-centre1.jpg\" alt=\"Pandanus Resort Champa Centre1\" title=\"Khu V\u1ef1c T\u1ed5 Ch\u1ee9c Ti\u1ec7c Ngo\u00e0i Tr\u1eddi\">\n\t\t\t\t\t\t\t\t\t<\/div>\n\t\t\t\t\t\t\t\t<\/div>\n\t\t\t\t\t\t\t<\/div>\n\t\t\t\t\t\t\t\t\t\t\t\t\t<div class=\"item\">\n\t\t\t\t\t\t\t\t<div class=\"figure ratio-rectangle\">\n\t\t\t\t\t\t\t\t\t<div class=\"elementor-image\">\n\t\t\t\t\t\t\t\t\t\t<img data-src=\"https:\/\/www.pandanusresort.com\/wp-content\/uploads\/2020\/07\/Pandanus-resort-champa-centre3.jpg\" alt=\"Pandanus Resort Champa Centre3\" title=\"Khu V\u1ef1c T\u1ed5 Ch\u1ee9c Ti\u1ec7c Ngo\u00e0i Tr\u1eddi\">\n\t\t\t\t\t\t\t\t\t<\/div>\n\t\t\t\t\t\t\t\t<\/div>\n\t\t\t\t\t\t\t<\/div>\n\t\t\t\t\t\t\t\t\t\t\t\t\t<div class=\"item\">\n\t\t\t\t\t\t\t\t<div class=\"figure ratio-rectangle\">\n\t\t\t\t\t\t\t\t\t<div class=\"elementor-image\">\n\t\t\t\t\t\t\t\t\t\t<img data-src=\"https:\/\/www.pandanusresort.com\/wp-content\/uploads\/2020\/07\/pandanus-resort-mui-ne-website_874X507-copy-2.jpg\" alt=\"Pandanus Resort Mui Ne Website 874X507 Copy 2\" title=\"Khu V\u1ef1c T\u1ed5 Ch\u1ee9c Ti\u1ec7c Ngo\u00e0i Tr\u1eddi\">\n\t\t\t\t\t\t\t\t\t<\/div>\n\t\t\t\t\t\t\t\t<\/div>\n\t\t\t\t\t\t\t<\/div>\n\t\t\t\t\t\t\t\t\t\t\t\t\t<div class=\"item\">\n\t\t\t\t\t\t\t\t<div class=\"figure ratio-rectangle\">\n\t\t\t\t\t\t\t\t\t<div class=\"elementor-image\">\n\t\t\t\t\t\t\t\t\t\t<img data-src=\"https:\/\/www.pandanusresort.com\/wp-content\/uploads\/2020\/07\/pandanus-resort-mui-ne-website-25.jpg\" alt=\"Pandanus Resort Mui Ne Website 25\" title=\"Khu V\u1ef1c T\u1ed5 Ch\u1ee9c Ti\u1ec7c Ngo\u00e0i Tr\u1eddi\">\n\t\t\t\t\t\t\t\t\t<\/div>\n\t\t\t\t\t\t\t\t<\/div>\n\t\t\t\t\t\t\t<\/div>\n\t\t\t\t\t\t\t\t\t\t\t\t\t<div class=\"item\">\n\t\t\t\t\t\t\t\t<div class=\"figure ratio-rectangle\">\n\t\t\t\t\t\t\t\t\t<div class=\"elementor-image\">\n\t\t\t\t\t\t\t\t\t\t<img data-src=\"https:\/\/www.pandanusresort.com\/wp-content\/uploads\/2020\/07\/pandanus-resort-mui-ne-website_874X507-copy-3.jpg\" alt=\"Pandanus Resort Mui Ne Website 874X507 Copy 3\" title=\"Khu V\u1ef1c T\u1ed5 Ch\u1ee9c Ti\u1ec7c Ngo\u00e0i Tr\u1eddi\">\n\t\t\t\t\t\t\t\t\t<\/div>\n\t\t\t\t\t\t\t\t<\/div>\n\t\t\t\t\t\t\t<\/div>\n\t\t\t\t\t\t\t\t\t\t\t\t\t<div class=\"item\">\n\t\t\t\t\t\t\t\t<div class=\"figure ratio-rectangle\">\n\t\t\t\t\t\t\t\t\t<div class=\"elementor-image\">\n\t\t\t\t\t\t\t\t\t\t<img data-src=\"https:\/\/www.pandanusresort.com\/wp-content\/uploads\/2020\/07\/pandanus-resort-mui-ne-website_874X507-20.jpg\" alt=\"Pandanus Resort Mui Ne Website 874X507 20\" title=\"Khu V\u1ef1c T\u1ed5 Ch\u1ee9c Ti\u1ec7c Ngo\u00e0i Tr\u1eddi\">\n\t\t\t\t\t\t\t\t\t<\/div>\n\t\t\t\t\t\t\t\t<\/div>\n\t\t\t\t\t\t\t<\/div>\n\t\t\t\t\t\t\t\t\t\t\t\t\t<div class=\"item\">\n\t\t\t\t\t\t\t\t<div class=\"figure ratio-rectangle\">\n\t\t\t\t\t\t\t\t\t<div class=\"elementor-image\">\n\t\t\t\t\t\t\t\t\t\t<img data-src=\"https:\/\/www.pandanusresort.com\/wp-content\/uploads\/2020\/07\/pandanus-resort-mui-ne-website_874X507-21.jpg\" alt=\"Pandanus Resort Mui Ne Website 874X507 21\" title=\"Khu V\u1ef1c T\u1ed5 Ch\u1ee9c Ti\u1ec7c Ngo\u00e0i Tr\u1eddi\">\n\t\t\t\t\t\t\t\t\t<\/div>\n\t\t\t\t\t\t\t\t<\/div>\n\t\t\t\t\t\t\t<\/div>\n\t\t\t\t\t\t\t\t\t\t\t<\/div>\n\t\t\t\t\t<div class=\"controls-dots\"><\/div>\n\t\t\t\t<\/div>\n\t\t\t\t<div class=\"col-sm-12 col-lg-4 content-box\">\n\t\t\t\t\t<h3>Champa Centre<\/h3>\n\t\t\t\t\t\t\t\t\t\t<p>S\u1ea3nh ti\u1ec7c Champa Centre c\u00f3 di\u1ec7n t\u00edch h\u01a1n 650m2 ph\u1ee5c v\u1ee5 t\u1ed5 ch\u1ee9c h\u1ed9i h\u1ecdp v\u00e0 s\u1ef1 ki\u1ec7n v\u1edbi s\u1ee9c ch\u1ee9a l\u00ean \u0111\u1ebfn 500 ng\u01b0\u1eddi v\u00e0 03 ph\u00f2ng h\u1ecdp nh\u1ecf t\u1eeb 10 \u0111\u1ebfn 40 kh\u00e1ch. S\u1ea3nh h\u1ed9i ngh\u1ecb The Grand Champa l\u1edbn c\u00f2n c\u00f3 th\u1ec3 chia ra l\u00e0m hai s\u1ea3nh ri\u00eang bi\u1ec7t v\u1edbi \u0111\u1ea7y \u0111\u1ee7 c\u00e1c thi\u1ebft b\u1ecb \u00e2m thanh v\u00e0 h\u00ecnh \u1ea3nh. <\/p>\n\t\t\t\t\t<div class=\"button-box\">\n\t\t\t\t\t\t<a href=\"https:\/\/www.pandanusresort.com\/vn\/meeting\/champa-centre\/\" class=\"btn btn-default\">T\u00ecm hi\u1ec3u th\u00eam<\/a>\n\t\t\t\t\t<\/div>\n\t\t\t\t<\/div>\n\t\t\t<\/div>\n\t\t\t\t\t<div class=\"row items\">\n\t\t\t\t<div class=\"col-sm-12 col-lg-8 slide-box mask-rectangle mask rectangle\">\n\t\t\t\t\t<div class=\"js-single-slide js--slides--background\">\n\t\t\t\t\t\t\t\t\t\t\t\t\t<div class=\"item\">\n\t\t\t\t\t\t\t\t<div class=\"figure ratio-rectangle\">\n\t\t\t\t\t\t\t\t\t<div class=\"elementor-image\">\n\t\t\t\t\t\t\t\t\t\t<img data-src=\"https:\/\/www.pandanusresort.com\/wp-content\/uploads\/2020\/07\/Pandanus-resort-sun-terrace-1.jpg\" alt=\"Pandanus Resort Sun Terrace 1\" title=\"Khu V\u1ef1c T\u1ed5 Ch\u1ee9c Ti\u1ec7c Ngo\u00e0i Tr\u1eddi\">\n\t\t\t\t\t\t\t\t\t<\/div>\n\t\t\t\t\t\t\t\t<\/div>\n\t\t\t\t\t\t\t<\/div>\n\t\t\t\t\t\t\t\t\t\t\t\t\t<div class=\"item\">\n\t\t\t\t\t\t\t\t<div class=\"figure ratio-rectangle\">\n\t\t\t\t\t\t\t\t\t<div class=\"elementor-image\">\n\t\t\t\t\t\t\t\t\t\t<img data-src=\"https:\/\/www.pandanusresort.com\/wp-content\/uploads\/2020\/07\/pandanus-resort-mui-ne-website-sun-terrace_874X507-18.jpg\" alt=\"Pandanus Resort Mui Ne Website Sun Terrace 874X507 18\" title=\"Khu V\u1ef1c T\u1ed5 Ch\u1ee9c Ti\u1ec7c Ngo\u00e0i Tr\u1eddi\">\n\t\t\t\t\t\t\t\t\t<\/div>\n\t\t\t\t\t\t\t\t<\/div>\n\t\t\t\t\t\t\t<\/div>\n\t\t\t\t\t\t\t\t\t\t\t\t\t<div class=\"item\">\n\t\t\t\t\t\t\t\t<div class=\"figure ratio-rectangle\">\n\t\t\t\t\t\t\t\t\t<div class=\"elementor-image\">\n\t\t\t\t\t\t\t\t\t\t<img data-src=\"https:\/\/www.pandanusresort.com\/wp-content\/uploads\/2020\/07\/Pandanus-resort-restaurant-SunTerrace-1.jpg\" alt=\"Pandanus Resort Restaurant SunTerrace 1\" title=\"Khu V\u1ef1c T\u1ed5 Ch\u1ee9c Ti\u1ec7c Ngo\u00e0i Tr\u1eddi\">\n\t\t\t\t\t\t\t\t\t<\/div>\n\t\t\t\t\t\t\t\t<\/div>\n\t\t\t\t\t\t\t<\/div>\n\t\t\t\t\t\t\t\t\t\t\t\t\t<div class=\"item\">\n\t\t\t\t\t\t\t\t<div class=\"figure ratio-rectangle\">\n\t\t\t\t\t\t\t\t\t<div class=\"elementor-image\">\n\t\t\t\t\t\t\t\t\t\t<img data-src=\"https:\/\/www.pandanusresort.com\/wp-content\/uploads\/2020\/07\/pandanus-resort-mui-ne-website-sun-terrace_874X507-copy.jpg\" alt=\"Pandanus Resort Mui Ne Website Sun Terrace 874X507 Copy\" title=\"Khu V\u1ef1c T\u1ed5 Ch\u1ee9c Ti\u1ec7c Ngo\u00e0i Tr\u1eddi\">\n\t\t\t\t\t\t\t\t\t<\/div>\n\t\t\t\t\t\t\t\t<\/div>\n\t\t\t\t\t\t\t<\/div>\n\t\t\t\t\t\t\t\t\t\t\t<\/div>\n\t\t\t\t\t<div class=\"controls-dots\"><\/div>\n\t\t\t\t<\/div>\n\t\t\t\t<div class=\"col-sm-12 col-lg-4 content-box\">\n\t\t\t\t\t<h3>Nh\u00e0 h\u00e0ng Sun Terrace<\/h3>\n\t\t\t\t\t\t\t\t\t\t<p>Nh\u00e0 h\u00e0ng Sun Terrace l\u00e0 n\u01a1i th\u00edch h\u1ee3p cho c\u00e1c bu\u1ed5i g\u1eb7p g\u1ee1 ri\u00eang t\u01b0 v\u00e0o bu\u1ed5i t\u1ed1i, t\u1eeb c\u00e1c b\u1eefa ti\u1ec7c ng\u1ed3i b\u00e0n, ti\u1ec7c cocktail \u0111\u1ee9ng hay l\u00e0 s\u1ef1 ki\u1ec7n th\u01b0 gi\u00e3n trong nh\u00e0. Kh\u00f4ng gian ho\u00e0n h\u1ea3o b\u00ean b\u1edd bi\u1ec3n v\u00e0 s\u1ef1 tinh t\u1ebf c\u1ee7a nh\u00e0 h\u00e0ng k\u1ebft h\u1ee3p v\u1edbi khung c\u1ea3nh \u0111\u1ea1i d\u01b0\u01a1ng ngo\u1ea1n m\u1ee5c mang l\u1ea1i s\u1ef1 t\u1eadn h\u01b0\u1edfng tho\u1ea3i m\u00e1i d\u00e0nh cho du kh\u00e1ch.<\/p>\n\t\t\t\t\t<div class=\"button-box\">\n\t\t\t\t\t\t<a href=\"https:\/\/www.pandanusresort.com\/vn\/meeting\/sun-terrace-restaurant\/\" class=\"btn btn-default\">T\u00ecm hi\u1ec3u th\u00eam<\/a>\n\t\t\t\t\t<\/div>\n\t\t\t\t<\/div>\n\t\t\t<\/div>\n\t\t\t\t\t<div class=\"row items\">\n\t\t\t\t<div class=\"col-sm-12 col-lg-8 slide-box mask-rectangle mask rectangle\">\n\t\t\t\t\t<div class=\"js-single-slide js--slides--background\">\n\t\t\t\t\t\t\t\t\t\t\t\t\t<div class=\"item\">\n\t\t\t\t\t\t\t\t<div class=\"figure ratio-rectangle\">\n\t\t\t\t\t\t\t\t\t<div class=\"elementor-image\">\n\t\t\t\t\t\t\t\t\t\t<img data-src=\"https:\/\/www.pandanusresort.com\/wp-content\/uploads\/2025\/06\/Pandanus-Resort-Outdoor-Team-Events-03.jpg\" alt=\"Pandanus Resort Outdoor Team Events 03\" title=\"Khu V\u1ef1c T\u1ed5 Ch\u1ee9c Ti\u1ec7c Ngo\u00e0i Tr\u1eddi\">\n\t\t\t\t\t\t\t\t\t<\/div>\n\t\t\t\t\t\t\t\t<\/div>\n\t\t\t\t\t\t\t<\/div>\n\t\t\t\t\t\t\t\t\t\t\t\t\t<div class=\"item\">\n\t\t\t\t\t\t\t\t<div class=\"figure ratio-rectangle\">\n\t\t\t\t\t\t\t\t\t<div class=\"elementor-image\">\n\t\t\t\t\t\t\t\t\t\t<img data-src=\"https:\/\/www.pandanusresort.com\/wp-content\/uploads\/2020\/07\/Pandanus-resort-mice-outside3.jpg\" alt=\"Pandanus Resort Mice Outside3\" title=\"Khu V\u1ef1c T\u1ed5 Ch\u1ee9c Ti\u1ec7c Ngo\u00e0i Tr\u1eddi\">\n\t\t\t\t\t\t\t\t\t<\/div>\n\t\t\t\t\t\t\t\t<\/div>\n\t\t\t\t\t\t\t<\/div>\n\t\t\t\t\t\t\t\t\t\t\t\t\t<div class=\"item\">\n\t\t\t\t\t\t\t\t<div class=\"figure ratio-rectangle\">\n\t\t\t\t\t\t\t\t\t<div class=\"elementor-image\">\n\t\t\t\t\t\t\t\t\t\t<img data-src=\"https:\/\/www.pandanusresort.com\/wp-content\/uploads\/2025\/06\/Pandanus-Resort-Outdoor-Team-Events-02.jpg\" alt=\"Pandanus Resort Outdoor Team Events 02\" title=\"Khu V\u1ef1c T\u1ed5 Ch\u1ee9c Ti\u1ec7c Ngo\u00e0i Tr\u1eddi\">\n\t\t\t\t\t\t\t\t\t<\/div>\n\t\t\t\t\t\t\t\t<\/div>\n\t\t\t\t\t\t\t<\/div>\n\t\t\t\t\t\t\t\t\t\t\t\t\t<div class=\"item\">\n\t\t\t\t\t\t\t\t<div class=\"figure ratio-rectangle\">\n\t\t\t\t\t\t\t\t\t<div class=\"elementor-image\">\n\t\t\t\t\t\t\t\t\t\t<img data-src=\"https:\/\/www.pandanusresort.com\/wp-content\/uploads\/2025\/06\/Pandanus-Resort-Outdoor-Team-Events-01.jpg\" alt=\"Pandanus Resort Outdoor Team Events 01\" title=\"Khu V\u1ef1c T\u1ed5 Ch\u1ee9c Ti\u1ec7c Ngo\u00e0i Tr\u1eddi\">\n\t\t\t\t\t\t\t\t\t<\/div>\n\t\t\t\t\t\t\t\t<\/div>\n\t\t\t\t\t\t\t<\/div>\n\t\t\t\t\t\t\t\t\t\t\t<\/div>\n\t\t\t\t\t<div class=\"controls-dots\"><\/div>\n\t\t\t\t<\/div>\n\t\t\t\t<div class=\"col-sm-12 col-lg-4 content-box\">\n\t\t\t\t\t<h3>Khu V\u1ef1c T\u1ed5 Ch\u1ee9c Ti\u1ec7c Ngo\u00e0i Tr\u1eddi<\/h3>\n\t\t\t\t\t\t\t\t\t\t<p>T\u1ea1i Pandanus, ch\u00fang t\u00f4i c\u0169ng t\u1ed5 ch\u1ee9c nh\u1eefng b\u1eefa ti\u1ec7c ngo\u00e0i tr\u1eddi v\u1edbi s\u1ee9c ch\u1ee9a l\u00ean t\u1edbi 300 kh\u00e1ch. Chi\u00eau \u0111\u00e3i \u0111\u1ed3ng nghi\u1ec7p b\u1eb1ng m\u1ed9t bu\u1ed5i ti\u1ec7c n\u01b0\u1edbng, buffet, ti\u1ec7c theo ch\u1ee7 \u0111\u1ec1 hay l\u1eeda tr\u1ea1i sau m\u1ed9t ng\u00e0y h\u1ed9i h\u1ecdp hi\u1ec7u qu\u1ea3. Nh\u00e2n vi\u00ean c\u1ee7a ch\u00fang t\u00f4i s\u1ebd gi\u00fap b\u1ea1n bi\u1ebfn nh\u1eefng s\u1ef1 ki\u1ec7n k\u1ebft n\u1ed1i h\u1ed9i nh\u00f3m tr\u1edf n\u00ean ho\u00e0n h\u1ea3o nh\u1ea5t.<\/p>\n\t\t\t\t\t<div class=\"button-box\">\n\t\t\t\t\t\t<a href=\"https:\/\/www.pandanusresort.com\/vn\/meeting\/outdoor-banquet-area\/\" class=\"btn btn-default\">T\u00ecm hi\u1ec3u th\u00eam<\/a>\n\t\t\t\t\t<\/div>\n\t\t\t\t<\/div>\n\t\t\t<\/div>\n\t\t\t<\/div>\n<\/section>\n<\/div>\n\t\t\t\t\t\t<\/div>\n\t\t\t\t<\/div>\n\t\t\t\t\t<\/div>\n\t\t<\/div>\n\t\t\t\t\t<\/div>\n\t\t<\/section>\n\t\t\t\t<\/div>\n\t\t","protected":false},"excerpt":{"rendered":"<p>N\u01a1i H\u1ed9i T\u1ee5 cho Nh\u1eefng S\u1ef1 Ki\u1ec7n \u0110\u00e1ng Nh\u1edb Pandanus l\u00e0 \u0111\u1ecba \u0111i\u1ec3m ho\u00e0n h\u1ea3o cho c\u00e1c bu\u1ed5i g\u1eb7p m\u1eb7t \u0111\u00e1ng nh\u1edb c\u0169ng nh\u01b0 s\u1ef1 ki\u1ec7n h\u1ed9i h\u1ecdp doanh nghi\u1ec7p. Champa Centre cung c\u1ea5p di\u1ec7n t\u00edch h\u01a1n 650 m\u00e9t vu\u00f4ng v\u1edbi s\u1ee9c ch\u1ee9a l\u00ean \u0111\u1ebfn 500 kh\u00e1ch, c\u00f3 kh\u1ea3 n\u0103ng s\u1eafp x\u1ebfp c\u00e1c nh\u00f3m nh\u1ecf [&hellip;]<\/p>\n","protected":false},"author":1,"featured_media":410167,"parent":0,"menu_order":31,"comment_status":"closed","ping_status":"closed","template":"","meta":{"_acf_changed":false,"ngg_post_thumbnail":0,"footnotes":""},"class_list":["post-1372","page","type-page","status-publish","has-post-thumbnail","hentry"],"acf":[],"_links":{"self":[{"href":"https:\/\/www.pandanusresort.com\/vn\/wp-json\/wp\/v2\/pages\/1372","targetHints":{"allow":["GET"]}}],"collection":[{"href":"https:\/\/www.pandanusresort.com\/vn\/wp-json\/wp\/v2\/pages"}],"about":[{"href":"https:\/\/www.pandanusresort.com\/vn\/wp-json\/wp\/v2\/types\/page"}],"author":[{"embeddable":true,"href":"https:\/\/www.pandanusresort.com\/vn\/wp-json\/wp\/v2\/users\/1"}],"replies":[{"embeddable":true,"href":"https:\/\/www.pandanusresort.com\/vn\/wp-json\/wp\/v2\/comments?post=1372"}],"version-history":[{"count":3,"href":"https:\/\/www.pandanusresort.com\/vn\/wp-json\/wp\/v2\/pages\/1372\/revisions"}],"predecessor-version":[{"id":416981,"href":"https:\/\/www.pandanusresort.com\/vn\/wp-json\/wp\/v2\/pages\/1372\/revisions\/416981"}],"wp:featuredmedia":[{"embeddable":true,"href":"https:\/\/www.pandanusresort.com\/vn\/wp-json\/wp\/v2\/media\/410167"}],"wp:attachment":[{"href":"https:\/\/www.pandanusresort.com\/vn\/wp-json\/wp\/v2\/media?parent=1372"}],"curies":[{"name":"wp","href":"https:\/\/api.w.org\/{rel}","templated":true}]}}