{"id":1374,"date":"2020-07-14T08:46:03","date_gmt":"2020-07-14T08:46:03","guid":{"rendered":"http:\/\/pandanus.quo-staging.com\/news\/"},"modified":"2026-03-19T16:09:39","modified_gmt":"2026-03-19T09:09:39","slug":"news","status":"publish","type":"page","link":"https:\/\/www.pandanusresort.com\/vn\/news\/","title":{"rendered":"Tin t\u1ee9c"},"content":{"rendered":"\t\t<div data-elementor-type=\"wp-page\" data-elementor-id=\"1374\" class=\"elementor elementor-1374 elementor-43\" data-elementor-post-type=\"page\">\n\t\t\t\t\t\t<section class=\"elementor-section elementor-top-section elementor-element elementor-element-3868d50a elementor-section-stretched elementor-section-full_width elementor-section-height-default elementor-section-height-default\" data-id=\"3868d50a\" data-element_type=\"section\" data-e-type=\"section\" data-settings=\"{&quot;stretch_section&quot;:&quot;section-stretched&quot;}\">\n\t\t\t\t\t\t<div class=\"elementor-container elementor-column-gap-no\">\n\t\t\t\t\t<div class=\"elementor-column elementor-col-100 elementor-top-column elementor-element elementor-element-6b5966e6\" data-id=\"6b5966e6\" data-element_type=\"column\" data-e-type=\"column\">\n\t\t\t<div class=\"elementor-widget-wrap elementor-element-populated\">\n\t\t\t\t\t\t<div class=\"elementor-element elementor-element-15730cbd elementor-widget elementor-widget-shortcode\" data-id=\"15730cbd\" data-element_type=\"widget\" data-e-type=\"widget\" data-widget_type=\"shortcode.default\">\n\t\t\t\t<div class=\"elementor-widget-container\">\n\t\t\t\t\t\t\t<div class=\"elementor-shortcode\">\t<section class=\"hero-section\">\n\t\t<div class=\"js-hero-slide js--slides--background\">\n\t\t\t\t\t\t\t<div class=\"item \">\n\t\t\t\t\t<div class=\"image-box figure ratio-hero\">\n\t\t\t\t\t\t\t\t\t\t\t\t\t<div class=\"elementor-image is--desktop\">\n\t\t\t\t\t\t\t\t<img data-src=\"https:\/\/www.pandanusresort.com\/wp-content\/uploads\/2026\/03\/Pandanus-Resort-News-Ban-tin-cap-nhat-2026.jpg\" alt=\"Pandanus Resort News Ban Tin Cap Nhat 2026\" title=\"H\u00e0nh tr\u00ecnh kh\u00e1m ph\u00e1 v\u0103n h\u00f3a v\u00e0 \u1ea9m th\u1ef1c Ch\u0103m\">\n\t\t\t\t\t\t\t<\/div>\n\t\t\t\t\t\t\t<div class=\"elementor-image is--mobile\">\n\t\t\t\t\t\t\t\t<img data-src=\"https:\/\/www.pandanusresort.com\/wp-content\/uploads\/2026\/03\/Pandanus-Resort-News-Ban-tin-cap-nhat.jpg\" alt=\"Pandanus Resort News Ban Tin Cap Nhat\" title=\"H\u00e0nh tr\u00ecnh kh\u00e1m ph\u00e1 v\u0103n h\u00f3a v\u00e0 \u1ea9m th\u1ef1c Ch\u0103m\">\n\t\t\t\t\t\t\t<\/div>\n\t\t\t\t\t\t\t\t\t\t\t<\/div>\n\t\t\t\t<\/div>\n\t\t\t\t\t<\/div>\n\t\t<div class=\"hero-caption\">\n\t\t\t<!--  homepage is H1  -->\n\t\t\t<h2>Tin t\u1ee9c<\/h2>\n\t\t\t<h4><\/h4>\n\t\t<\/div>\n\t\t\t<\/section>\n\t<\/div>\n\t\t\t\t\t\t<\/div>\n\t\t\t\t<\/div>\n\t\t\t\t\t<\/div>\n\t\t<\/div>\n\t\t\t\t\t<\/div>\n\t\t<\/section>\n\t\t\t\t<section class=\"elementor-section elementor-top-section elementor-element elementor-element-d9d40c0 elementor-section-boxed elementor-section-height-default elementor-section-height-default\" data-id=\"d9d40c0\" data-element_type=\"section\" data-e-type=\"section\">\n\t\t\t\t\t\t<div class=\"elementor-container elementor-column-gap-default\">\n\t\t\t\t\t<div class=\"elementor-column elementor-col-33 elementor-top-column elementor-element elementor-element-0f58a4e\" data-id=\"0f58a4e\" data-element_type=\"column\" data-e-type=\"column\">\n\t\t\t<div class=\"elementor-widget-wrap\">\n\t\t\t\t\t\t\t<\/div>\n\t\t<\/div>\n\t\t\t\t<div class=\"elementor-column elementor-col-33 elementor-top-column elementor-element elementor-element-eef22ef\" data-id=\"eef22ef\" data-element_type=\"column\" data-e-type=\"column\">\n\t\t\t<div class=\"elementor-widget-wrap elementor-element-populated\">\n\t\t\t\t\t\t<div class=\"elementor-element elementor-element-8e7da13 elementor-widget elementor-widget-spacer\" data-id=\"8e7da13\" data-element_type=\"widget\" data-e-type=\"widget\" data-widget_type=\"spacer.default\">\n\t\t\t\t<div class=\"elementor-widget-container\">\n\t\t\t\t\t\t\t<div class=\"elementor-spacer\">\n\t\t\t<div class=\"elementor-spacer-inner\"><\/div>\n\t\t<\/div>\n\t\t\t\t\t\t<\/div>\n\t\t\t\t<\/div>\n\t\t\t\t<div class=\"elementor-element elementor-element-a111f7a elementor-widget elementor-widget-heading\" data-id=\"a111f7a\" data-element_type=\"widget\" data-e-type=\"widget\" data-widget_type=\"heading.default\">\n\t\t\t\t<div class=\"elementor-widget-container\">\n\t\t\t\t\t<h2 class=\"elementor-heading-title elementor-size-default\">Tin t\u1ee9c v\u1ec1 Pandanus<\/h2>\t\t\t\t<\/div>\n\t\t\t\t<\/div>\n\t\t\t\t<div class=\"elementor-element elementor-element-3803370 elementor-widget elementor-widget-text-editor\" data-id=\"3803370\" data-element_type=\"widget\" data-e-type=\"widget\" data-widget_type=\"text-editor.default\">\n\t\t\t\t<div class=\"elementor-widget-container\">\n\t\t\t\t\t\t\t\t\t<p>C\u1eadp nh\u1eadt nh\u1eefng th\u00f4ng tin m\u1edbi nh\u1ea5t v\u1ec1 M\u0169i N\u00e9 v\u00e0 Pandanus Resort<\/p>\t\t\t\t\t\t\t\t<\/div>\n\t\t\t\t<\/div>\n\t\t\t\t\t<\/div>\n\t\t<\/div>\n\t\t\t\t<div class=\"elementor-column elementor-col-33 elementor-top-column elementor-element elementor-element-8a2b612\" data-id=\"8a2b612\" data-element_type=\"column\" data-e-type=\"column\">\n\t\t\t<div class=\"elementor-widget-wrap\">\n\t\t\t\t\t\t\t<\/div>\n\t\t<\/div>\n\t\t\t\t\t<\/div>\n\t\t<\/section>\n\t\t\t\t<section class=\"elementor-section elementor-top-section elementor-element elementor-element-e75a776 elementor-section-stretched elementor-section-full_width thumbs-list-section custom-container elementor-section-height-default elementor-section-height-default\" data-id=\"e75a776\" data-element_type=\"section\" data-e-type=\"section\" data-settings=\"{&quot;stretch_section&quot;:&quot;section-stretched&quot;}\">\n\t\t\t\t\t\t<div class=\"elementor-container elementor-column-gap-default\">\n\t\t\t\t\t<div class=\"elementor-column elementor-col-100 elementor-top-column elementor-element elementor-element-ff30ba5\" data-id=\"ff30ba5\" data-element_type=\"column\" data-e-type=\"column\">\n\t\t\t<div class=\"elementor-widget-wrap elementor-element-populated\">\n\t\t\t\t\t\t<div class=\"elementor-element elementor-element-a10e8d7 elementor-widget elementor-widget-shortcode\" data-id=\"a10e8d7\" data-element_type=\"widget\" data-e-type=\"widget\" data-widget_type=\"shortcode.default\">\n\t\t\t\t<div class=\"elementor-widget-container\">\n\t\t\t\t\t\t\t<div class=\"elementor-shortcode\">\t<section class=\"thumbs-list-section news-wrapper\">\n\t\t<div class=\"container\">\n\t\t\t<div class=\"title-box\">\n\t\t\t\t<h2><\/h2>\n\t\t\t<\/div>\n\t\t\t<div class=\"thumbs-box-wrapper\">\n\t\t\t\t<div class=\"row\">\n\t\t\t\t\t\t\t\t\t\t\t<div class=\"col-sm-12 col-md-6 col-lg-4 item thumbs\">\n\t\t\t\t\t\t\t<div class=\"image-box\">\n\t\t\t\t\t\t\t\t<div class=\"js--background ratio-square\">\n\t\t\t\t\t\t\t\t\t<div class=\"elementor-image\">\n\t\t\t\t\t\t\t\t\t\t<img data-src=\"https:\/\/www.pandanusresort.com\/wp-content\/uploads\/2026\/01\/A-Traditional-Tet-Experience-at-Pandanus-Resort-Feature.png\" alt=\"A Traditional Tet Experience At Pandanus Resort Feature\" title=\"H\u00e0nh tr\u00ecnh kh\u00e1m ph\u00e1 v\u0103n h\u00f3a v\u00e0 \u1ea9m th\u1ef1c Ch\u0103m\">\n\t\t\t\t\t\t\t\t\t<\/div>\n\t\t\t\t\t\t\t\t<\/div>\n\t\t\t\t\t\t\t<\/div>\n\t\t\t\t\t\t\t<div class=\"content-box\">\n\t\t\t\t\t\t\t\t\t\t\t\t\t\t\t\t\t<div class=\"info\">5 January 2026<\/div>\n\t\t\t\t\t\t\t\t\t\t\t\t\t\t\t\t<h4>Tr\u1ea3i Nghi\u1ec7m T\u1ebft C\u1ed5 Truy\u1ec1n t\u1ea1i Pandanus Resort<\/h4>\n\t\t\t\t\t\t\t\t<p>M\u1ed7i \u0111\u1ed9 xu\u00e2n v\u1ec1, T\u1ebft Nguy\u00ean \u0110\u00e1n l\u1ea1i g\u00f5 c\u1eeda trong t\u00e2m th\u1ee9c ng\u01b0\u1eddi Vi\u1ec7t nh\u01b0 m\u1ed9t l\u1eddi nh\u1eafc d\u1ecbu d\u00e0ng v\u1ec1 c\u1ed9i ngu\u1ed3n, v\u1ec1 nh\u1eefng ng\u00e0y sum h\u1ecdp, v\u1ec1 s\u1eafc mai v\u00e0ng tr\u01b0\u1edbc hi\u00ean nh\u00e0 v\u00e0 nh\u1eefng l\u1eddi ch\u00fac an l\u00e0nh \u0111\u1ea7u n\u0103m. T\u1ebft l\u00e0 kho\u1ea3nh kh\u1eafc \u0111\u1ea5t tr\u1eddi giao h\u00f2a, l\u00e0 th\u1eddi \u0111i\u1ec3m con ng\u01b0\u1eddi s\u1ed1ng ch\u1eadm l\u1ea1i \u0111\u1ec3 kh\u00e9p l\u1ea1i n\u0103m c\u0169 v\u00e0 m\u1edf ra m\u1ed9t h\u00e0nh tr\u00ecnh m\u1edbi, mang theo hy v\u1ecdng, ni\u1ec1m tin v\u00e0 nh\u1eefng \u01b0\u1edbc nguy\u1ec7n t\u1ed1t l\u00e0nh.<\/p>\n\t\t\t\t\t\t\t\t<div class=\"button-box\">\n\t\t\t\t\t\t\t\t\t<a class=\"btn btn-default\" href=\"https:\/\/www.pandanusresort.com\/vn\/article\/trai-nghiem-tet-co-truyen-tai-pandanus-resort\/\">T\u00ecm hi\u1ec3u th\u00eam<\/a>\n\t\t\t\t\t\t\t\t<\/div>\n\t\t\t\t\t\t\t<\/div>\n\t\t\t\t\t\t<\/div>\n\t\t\t\t\t\t\t\t\t\t\t<div class=\"col-sm-12 col-md-6 col-lg-4 item thumbs\">\n\t\t\t\t\t\t\t<div class=\"image-box\">\n\t\t\t\t\t\t\t\t<div class=\"js--background ratio-square\">\n\t\t\t\t\t\t\t\t\t<div class=\"elementor-image\">\n\t\t\t\t\t\t\t\t\t\t<img data-src=\"https:\/\/www.pandanusresort.com\/wp-content\/uploads\/2025\/11\/Festive-Season-at-The-Pandanus-Resort-Feature.png\" alt=\"Festive Season At The Pandanus Resort Feature\" title=\"H\u00e0nh tr\u00ecnh kh\u00e1m ph\u00e1 v\u0103n h\u00f3a v\u00e0 \u1ea9m th\u1ef1c Ch\u0103m\">\n\t\t\t\t\t\t\t\t\t<\/div>\n\t\t\t\t\t\t\t\t<\/div>\n\t\t\t\t\t\t\t<\/div>\n\t\t\t\t\t\t\t<div class=\"content-box\">\n\t\t\t\t\t\t\t\t\t\t\t\t\t\t\t\t\t<div class=\"info\">28 November 2025<\/div>\n\t\t\t\t\t\t\t\t\t\t\t\t\t\t\t\t<h4>R\u1ed9n r\u00e0ng m\u00f9a L\u1ec5 H\u1ed9i mi\u1ec1n Bi\u1ec3n t\u1ea1i Pandanus, M\u0169i N\u00e9<\/h4>\n\t\t\t\t\t\t\t\t<p>M\u0169i N\u00e9, Vi\u1ec7t Nam \u2014 Khi n\u0103m 2025 d\u1ea7n kh\u00e9p l\u1ea1i, Pandanus Resort gi\u1edbi thi\u1ec7u \u0111\u1ebfn du kh\u00e1ch ch\u01b0\u01a1ng tr\u00ecnh \u201cR\u1ed9n R\u00e0ng M\u00f9a L\u1ec5 H\u1ed9i Mi\u1ec1n Bi\u1ec3n\u201d (Holiday Bliss by the Sea) \u2013 m\u1ed9t d\u1ea5u \u1ea5n m\u00f9a \u0111\u00f4ng v\u1edbi kh\u00f4ng gian ngh\u1ec9 d\u01b0\u1ee1ng y\u00ean b\u00ecnh, n\u01a1i du kh\u00e1ch c\u00f3 th\u1ec3 t\u00ecm th\u1ea5y s\u1ef1 th\u01b0 gi\u00e3n, k\u1ebft n\u1ed1i v\u00e0 nh\u1eefng l\u00e0n gi\u00f3 bi\u1ec3n trong l\u00e0nh. Trong s\u1eafc v\u00e0ng c\u1ee7a b\u1edd c\u00e1t \u00f4m tr\u1ecdn b\u1ea7u tr\u1eddi xanh trong, gi\u1eefa ti\u1ebfng s\u00f3ng r\u00ec r\u00e0o v\u00e0 gi\u00f3 bi\u1ec3n d\u1ecbu \u00eam, t\u1eebng kho\u1ea3nh kh\u1eafc t\u1ea1i Pandanus Resort mang \u0111\u1ebfn s\u1ef1 \u1ea5m \u00e1p xen l\u1eabn c\u1ea3m x\u00fac ph\u1ea5n ch\u1ea5n ch\u00e0o \u0111\u00f3n m\u00f9a l\u1ec5 h\u1ed9i.<\/p>\n\t\t\t\t\t\t\t\t<div class=\"button-box\">\n\t\t\t\t\t\t\t\t\t<a class=\"btn btn-default\" href=\"https:\/\/www.pandanusresort.com\/vn\/article\/ron-rang-mua-le-hoi-mien-bien-tai-pandanus-mui-ne\/\">T\u00ecm hi\u1ec3u th\u00eam<\/a>\n\t\t\t\t\t\t\t\t<\/div>\n\t\t\t\t\t\t\t<\/div>\n\t\t\t\t\t\t<\/div>\n\t\t\t\t\t\t\t\t\t\t\t<div class=\"col-sm-12 col-md-6 col-lg-4 item thumbs\">\n\t\t\t\t\t\t\t<div class=\"image-box\">\n\t\t\t\t\t\t\t\t<div class=\"js--background ratio-square\">\n\t\t\t\t\t\t\t\t\t<div class=\"elementor-image\">\n\t\t\t\t\t\t\t\t\t\t<img data-src=\"https:\/\/www.pandanusresort.com\/wp-content\/uploads\/2025\/10\/Pandanus-Explore-Cham-Culture-and-Cuisine-Feature.png\" alt=\"Pandanus Explore Cham Culture And Cuisine Feature\" title=\"H\u00e0nh tr\u00ecnh kh\u00e1m ph\u00e1 v\u0103n h\u00f3a v\u00e0 \u1ea9m th\u1ef1c Ch\u0103m\">\n\t\t\t\t\t\t\t\t\t<\/div>\n\t\t\t\t\t\t\t\t<\/div>\n\t\t\t\t\t\t\t<\/div>\n\t\t\t\t\t\t\t<div class=\"content-box\">\n\t\t\t\t\t\t\t\t\t\t\t\t\t\t\t\t\t<div class=\"info\">17 October 2025<\/div>\n\t\t\t\t\t\t\t\t\t\t\t\t\t\t\t\t<h4>H\u00e0nh tr\u00ecnh kh\u00e1m ph\u00e1 v\u0103n h\u00f3a v\u00e0 \u1ea9m th\u1ef1c Ch\u0103m<\/h4>\n\t\t\t\t\t\t\t\t<p>Pandanus Resort \u2013 H\u00e0nh tr\u00ecnh kh\u00e1m ph\u00e1 v\u0103n h\u00f3a v\u00e0 \u1ea9m th\u1ef1c Ch\u0103m. M\u1ed7i \u0111\u1ed9 th\u00e1ng M\u01b0\u1eddi, L\u1ec5 h\u1ed9i Kat\u00ea \u2013 s\u1ef1 ki\u1ec7n quan tr\u1ecdng nh\u1ea5t trong n\u0103m c\u1ee7a ng\u01b0\u1eddi Ch\u0103m \u2013 l\u1ea1i di\u1ec5n ra t\u1ea1i th\u00e1p c\u1ed5 P\u00f4 Sah In\u01b0 \u1edf Phan Thi\u1ebft. N\u0103m nay, l\u1ec5 h\u1ed9i \u0111\u01b0\u1ee3c t\u1ed5 ch\u1ee9c v\u00e0o ng\u00e0y 20 v\u00e0 21\/10, l\u00e0 d\u1ecbp \u0111\u1ec3 c\u1ed9ng \u0111\u1ed3ng ng\u01b0\u1eddi Ch\u0103m t\u01b0\u1edfng nh\u1edb t\u1ed5 ti\u00ean, t\u1ea1 \u01a1n c\u00e1c v\u1ecb th\u1ea7n linh v\u00e0 c\u1ea7u ch\u00fac cho m\u1ed9t n\u0103m b\u00ecnh an, th\u1ecbnh v\u01b0\u1ee3ng.<\/p>\n\t\t\t\t\t\t\t\t<div class=\"button-box\">\n\t\t\t\t\t\t\t\t\t<a class=\"btn btn-default\" href=\"https:\/\/www.pandanusresort.com\/vn\/article\/discover-cham-culture-and-cuisine-in-phan-thiet\/\">T\u00ecm hi\u1ec3u th\u00eam<\/a>\n\t\t\t\t\t\t\t\t<\/div>\n\t\t\t\t\t\t\t<\/div>\n\t\t\t\t\t\t<\/div>\n\t\t\t\t\t\t\t\t\t<\/div>\n\t\t\t<\/div>\n\t\t\t\t\t\t\t<div class=\"loadmore\"><a href=\"#\" data-paged=\"1\" data-next=\"2\" data-max=\"5\">Load more<\/a><\/div>\n\t\t\t\t\t<\/div>\n\t<\/section>\n\t<\/div>\n\t\t\t\t\t\t<\/div>\n\t\t\t\t<\/div>\n\t\t\t\t\t<\/div>\n\t\t<\/div>\n\t\t\t\t\t<\/div>\n\t\t<\/section>\n\t\t\t\t<\/div>\n\t\t","protected":false},"excerpt":{"rendered":"<p>Tin t\u1ee9c v\u1ec1 Pandanus C\u1eadp nh\u1eadt nh\u1eefng th\u00f4ng tin m\u1edbi nh\u1ea5t v\u1ec1 M\u0169i N\u00e9 v\u00e0 Pandanus Resort<\/p>\n","protected":false},"author":1,"featured_media":417192,"parent":0,"menu_order":5,"comment_status":"closed","ping_status":"closed","template":"","meta":{"_acf_changed":false,"ngg_post_thumbnail":0,"footnotes":""},"class_list":["post-1374","page","type-page","status-publish","has-post-thumbnail","hentry"],"acf":[],"_links":{"self":[{"href":"https:\/\/www.pandanusresort.com\/vn\/wp-json\/wp\/v2\/pages\/1374","targetHints":{"allow":["GET"]}}],"collection":[{"href":"https:\/\/www.pandanusresort.com\/vn\/wp-json\/wp\/v2\/pages"}],"about":[{"href":"https:\/\/www.pandanusresort.com\/vn\/wp-json\/wp\/v2\/types\/page"}],"author":[{"embeddable":true,"href":"https:\/\/www.pandanusresort.com\/vn\/wp-json\/wp\/v2\/users\/1"}],"replies":[{"embeddable":true,"href":"https:\/\/www.pandanusresort.com\/vn\/wp-json\/wp\/v2\/comments?post=1374"}],"version-history":[{"count":2,"href":"https:\/\/www.pandanusresort.com\/vn\/wp-json\/wp\/v2\/pages\/1374\/revisions"}],"predecessor-version":[{"id":417194,"href":"https:\/\/www.pandanusresort.com\/vn\/wp-json\/wp\/v2\/pages\/1374\/revisions\/417194"}],"wp:featuredmedia":[{"embeddable":true,"href":"https:\/\/www.pandanusresort.com\/vn\/wp-json\/wp\/v2\/media\/417192"}],"wp:attachment":[{"href":"https:\/\/www.pandanusresort.com\/vn\/wp-json\/wp\/v2\/media?parent=1374"}],"curies":[{"name":"wp","href":"https:\/\/api.w.org\/{rel}","templated":true}]}}