{"id":1404,"date":"2020-07-17T02:08:19","date_gmt":"2020-07-17T02:08:19","guid":{"rendered":"http:\/\/pandanus.quo-staging.com\/weddings\/"},"modified":"2026-03-19T14:48:38","modified_gmt":"2026-03-19T07:48:38","slug":"weddings","status":"publish","type":"page","link":"https:\/\/www.pandanusresort.com\/vn\/weddings\/","title":{"rendered":"L\u1ec5 c\u01b0\u1edbi"},"content":{"rendered":"\t\t<div data-elementor-type=\"wp-page\" data-elementor-id=\"1404\" class=\"elementor elementor-1404 elementor-74\" data-elementor-post-type=\"page\">\n\t\t\t\t\t\t<section class=\"elementor-section elementor-top-section elementor-element elementor-element-715d187 elementor-section-stretched elementor-section-full_width elementor-section-height-default elementor-section-height-default\" data-id=\"715d187\" data-element_type=\"section\" data-e-type=\"section\" data-settings=\"{&quot;stretch_section&quot;:&quot;section-stretched&quot;}\">\n\t\t\t\t\t\t<div class=\"elementor-container elementor-column-gap-no\">\n\t\t\t\t\t<div class=\"elementor-column elementor-col-100 elementor-top-column elementor-element elementor-element-b8aca1a\" data-id=\"b8aca1a\" data-element_type=\"column\" data-e-type=\"column\">\n\t\t\t<div class=\"elementor-widget-wrap elementor-element-populated\">\n\t\t\t\t\t\t<div class=\"elementor-element elementor-element-011b879 elementor-widget elementor-widget-shortcode\" data-id=\"011b879\" data-element_type=\"widget\" data-e-type=\"widget\" data-widget_type=\"shortcode.default\">\n\t\t\t\t<div class=\"elementor-widget-container\">\n\t\t\t\t\t\t\t<div class=\"elementor-shortcode\">\t<section class=\"hero-section\">\n\t\t<div class=\"js-hero-slide js--slides--background\">\n\t\t\t\t\t\t\t<div class=\"item \">\n\t\t\t\t\t<div class=\"image-box figure ratio-hero\">\n\t\t\t\t\t\t\t\t\t\t\t\t\t<div class=\"elementor-image is--desktop\">\n\t\t\t\t\t\t\t\t<img data-src=\"https:\/\/www.pandanusresort.com\/wp-content\/uploads\/2022\/05\/Pandanus-resort-le-cuoi-cover.jpg\" alt=\"Pandanus Resort Le Cuoi Cover\" title=\"L\u1ec5 c\u01b0\u1edbi\">\n\t\t\t\t\t\t\t<\/div>\n\t\t\t\t\t\t\t<div class=\"elementor-image is--mobile\">\n\t\t\t\t\t\t\t\t<img data-src=\"https:\/\/www.pandanusresort.com\/wp-content\/uploads\/2020\/07\/Pandanus-Resort-Wedding-Package.webp\" alt=\"Pandanus Resort Wedding Package\" title=\"L\u1ec5 c\u01b0\u1edbi\">\n\t\t\t\t\t\t\t<\/div>\n\t\t\t\t\t\t\t\t\t\t\t<\/div>\n\t\t\t\t<\/div>\n\t\t\t\t\t<\/div>\n\t\t<div class=\"hero-caption\">\n\t\t\t<!--  homepage is H1  -->\n\t\t\t<h2>L\u1ec5 C\u01b0\u1edbi B\u00ean B\u1edd Bi\u1ec3n<\/h2>\n\t\t\t<h4><\/h4>\n\t\t<\/div>\n\t\t\t<\/section>\n\t<\/div>\n\t\t\t\t\t\t<\/div>\n\t\t\t\t<\/div>\n\t\t\t\t\t<\/div>\n\t\t<\/div>\n\t\t\t\t\t<\/div>\n\t\t<\/section>\n\t\t\t\t<section class=\"elementor-section elementor-top-section elementor-element elementor-element-e28d171 elementor-section-boxed elementor-section-height-default elementor-section-height-default\" data-id=\"e28d171\" data-element_type=\"section\" data-e-type=\"section\">\n\t\t\t\t\t\t<div class=\"elementor-container elementor-column-gap-default\">\n\t\t\t\t\t<div class=\"elementor-column elementor-col-100 elementor-top-column elementor-element elementor-element-bb50d81\" data-id=\"bb50d81\" data-element_type=\"column\" data-e-type=\"column\">\n\t\t\t<div class=\"elementor-widget-wrap elementor-element-populated\">\n\t\t\t\t\t\t<div class=\"elementor-element elementor-element-d1ff282 elementor-widget elementor-widget-spacer\" data-id=\"d1ff282\" data-element_type=\"widget\" data-e-type=\"widget\" data-widget_type=\"spacer.default\">\n\t\t\t\t<div class=\"elementor-widget-container\">\n\t\t\t\t\t\t\t<div class=\"elementor-spacer\">\n\t\t\t<div class=\"elementor-spacer-inner\"><\/div>\n\t\t<\/div>\n\t\t\t\t\t\t<\/div>\n\t\t\t\t<\/div>\n\t\t\t\t<div class=\"elementor-element elementor-element-5ab3888 elementor-widget elementor-widget-heading\" data-id=\"5ab3888\" data-element_type=\"widget\" data-e-type=\"widget\" data-widget_type=\"heading.default\">\n\t\t\t\t<div class=\"elementor-widget-container\">\n\t\t\t\t\t<h2 class=\"elementor-heading-title elementor-size-default\">L\u1ec5 C\u01b0\u1edbi B\u00ean B\u1edd Bi\u1ec3n<\/h2>\t\t\t\t<\/div>\n\t\t\t\t<\/div>\n\t\t\t\t\t<\/div>\n\t\t<\/div>\n\t\t\t\t\t<\/div>\n\t\t<\/section>\n\t\t\t\t<section class=\"elementor-section elementor-top-section elementor-element elementor-element-a8a9d32 elementor-section-boxed elementor-section-height-default elementor-section-height-default\" data-id=\"a8a9d32\" data-element_type=\"section\" data-e-type=\"section\">\n\t\t\t\t\t\t<div class=\"elementor-container elementor-column-gap-default\">\n\t\t\t\t\t<div class=\"elementor-column elementor-col-100 elementor-top-column elementor-element elementor-element-27261c5\" data-id=\"27261c5\" data-element_type=\"column\" data-e-type=\"column\">\n\t\t\t<div class=\"elementor-widget-wrap elementor-element-populated\">\n\t\t\t\t\t\t<div class=\"elementor-element elementor-element-1d8c203 elementor-widget elementor-widget-text-editor\" data-id=\"1d8c203\" data-element_type=\"widget\" data-e-type=\"widget\" data-widget_type=\"text-editor.default\">\n\t\t\t\t<div class=\"elementor-widget-container\">\n\t\t\t\t\t\t\t\t\t<p>H\u00e3y t\u1eadn h\u01b0\u1edfng m\u1ed9t l\u1ec5 c\u01b0\u1edbi lung linh b\u00ean b\u1edd bi\u1ec3n \u0111\u1ec3 l\u01b0u l\u1ea1i nh\u1eefng d\u1ea5u \u1ea5n kh\u00f3 phai. V\u00e0 h\u01b0\u1edfng tr\u1ecdn ni\u1ec1m vui c\u1ee7a t\u00ecnh y\u00eau \u0111\u00f4i l\u1ee9a trong kh\u00f4ng gian ti\u1ec7c ri\u00eang t\u01b0 d\u00f9 l\u1edbn hay nh\u1ecf tr\u00ean b\u00e3i c\u00e1t tr\u1eafng m\u1ecbn. \u0110\u1ed9i ng\u0169 nh\u00e2n vi\u00ean chuy\u00ean nghi\u1ec7p c\u1ee7a ch\u00fang t\u00f4i s\u1ebd ch\u0103m ch\u00fat t\u1eebng chi ti\u1ebft \u0111\u1ec3 t\u1ea1o ra ng\u00e0y c\u01b0\u1edbi ho\u00e0n h\u1ea3o c\u1ee7a b\u1ea1n.<\/p>\t\t\t\t\t\t\t\t<\/div>\n\t\t\t\t<\/div>\n\t\t\t\t\t<\/div>\n\t\t<\/div>\n\t\t\t\t\t<\/div>\n\t\t<\/section>\n\t\t\t\t<section class=\"elementor-section elementor-top-section elementor-element elementor-element-5afba99 elementor-section-boxed elementor-section-height-default elementor-section-height-default\" data-id=\"5afba99\" data-element_type=\"section\" data-e-type=\"section\">\n\t\t\t\t\t\t<div class=\"elementor-container elementor-column-gap-default\">\n\t\t\t\t\t<div class=\"elementor-column elementor-col-33 elementor-top-column elementor-element elementor-element-180209c\" data-id=\"180209c\" data-element_type=\"column\" data-e-type=\"column\">\n\t\t\t<div class=\"elementor-widget-wrap\">\n\t\t\t\t\t\t\t<\/div>\n\t\t<\/div>\n\t\t\t\t<div class=\"elementor-column elementor-col-33 elementor-top-column elementor-element elementor-element-e2cb935\" data-id=\"e2cb935\" data-element_type=\"column\" data-e-type=\"column\">\n\t\t\t<div class=\"elementor-widget-wrap elementor-element-populated\">\n\t\t\t\t\t\t<section class=\"elementor-section elementor-inner-section elementor-element elementor-element-eb9abc3 elementor-section-full_width elementor-section-content-middle items elementor-section-height-default elementor-section-height-default\" data-id=\"eb9abc3\" data-element_type=\"section\" data-e-type=\"section\">\n\t\t\t\t\t\t<div class=\"elementor-container elementor-column-gap-default\">\n\t\t\t\t\t<div class=\"elementor-column elementor-col-100 elementor-inner-column elementor-element elementor-element-6b61033 mask circle\" data-id=\"6b61033\" data-element_type=\"column\" data-e-type=\"column\">\n\t\t\t<div class=\"elementor-widget-wrap elementor-element-populated\">\n\t\t\t\t\t\t<div class=\"elementor-element elementor-element-724493d elementor-arrows-position-inside elementor-pagination-position-outside elementor-widget elementor-widget-image-carousel\" data-id=\"724493d\" data-element_type=\"widget\" data-e-type=\"widget\" data-settings=\"{&quot;slides_to_show&quot;:&quot;1&quot;,&quot;slides_to_show_tablet&quot;:&quot;1&quot;,&quot;navigation&quot;:&quot;both&quot;,&quot;autoplay&quot;:&quot;yes&quot;,&quot;pause_on_hover&quot;:&quot;yes&quot;,&quot;pause_on_interaction&quot;:&quot;yes&quot;,&quot;autoplay_speed&quot;:5000,&quot;infinite&quot;:&quot;yes&quot;,&quot;effect&quot;:&quot;slide&quot;,&quot;speed&quot;:500}\" data-widget_type=\"image-carousel.default\">\n\t\t\t\t<div class=\"elementor-widget-container\">\n\t\t\t\t\t\t\t<div class=\"elementor-image-carousel-wrapper swiper\" role=\"region\" aria-roledescription=\"carousel\" aria-label=\"Image Carousel\" dir=\"ltr\">\n\t\t\t<div class=\"elementor-image-carousel swiper-wrapper\" aria-live=\"off\">\n\t\t\t\t\t\t\t\t<div class=\"swiper-slide\" role=\"group\" aria-roledescription=\"slide\" aria-label=\"1 of 5\"><figure class=\"swiper-slide-inner\"><img decoding=\"async\" class=\"swiper-slide-image\" src=\"https:\/\/www.pandanusresort.com\/wp-content\/uploads\/2026\/03\/Pandanus-Resort-Weddings-and-Romance-Journey-5.jpg\" alt=\"Your magical wedding, brought to life at Pandanus. Pandanus offers the perfect seaside venue to celebrate your dream wedding.\" title=\"L\u1ec5 c\u01b0\u1edbi\"><\/figure><\/div><div class=\"swiper-slide\" role=\"group\" aria-roledescription=\"slide\" aria-label=\"2 of 5\"><figure class=\"swiper-slide-inner\"><img decoding=\"async\" class=\"swiper-slide-image\" src=\"https:\/\/www.pandanusresort.com\/wp-content\/uploads\/2026\/03\/Pandanus-Resort-Weddings-and-Romance-Journey-4.jpg\" alt=\"Your magical wedding, brought to life at Pandanus. Pandanus offers the perfect seaside venue to celebrate your dream wedding.\" title=\"L\u1ec5 c\u01b0\u1edbi\"><\/figure><\/div><div class=\"swiper-slide\" role=\"group\" aria-roledescription=\"slide\" aria-label=\"3 of 5\"><figure class=\"swiper-slide-inner\"><img decoding=\"async\" class=\"swiper-slide-image\" src=\"https:\/\/www.pandanusresort.com\/wp-content\/uploads\/2026\/03\/Pandanus-Resort-Weddings-and-Romance-Journey-3.jpg\" alt=\"Your magical wedding, brought to life at Pandanus. Pandanus offers the perfect seaside venue to celebrate your dream wedding.\" title=\"L\u1ec5 c\u01b0\u1edbi\"><\/figure><\/div><div class=\"swiper-slide\" role=\"group\" aria-roledescription=\"slide\" aria-label=\"4 of 5\"><figure class=\"swiper-slide-inner\"><img decoding=\"async\" class=\"swiper-slide-image\" src=\"https:\/\/www.pandanusresort.com\/wp-content\/uploads\/2026\/03\/Pandanus-Resort-Weddings-and-Romance-Journey-2.jpg\" alt=\"Your magical wedding, brought to life at Pandanus. Pandanus offers the perfect seaside venue to celebrate your dream wedding.\" title=\"L\u1ec5 c\u01b0\u1edbi\"><\/figure><\/div><div class=\"swiper-slide\" role=\"group\" aria-roledescription=\"slide\" aria-label=\"5 of 5\"><figure class=\"swiper-slide-inner\"><img decoding=\"async\" class=\"swiper-slide-image\" src=\"https:\/\/www.pandanusresort.com\/wp-content\/uploads\/2026\/03\/Pandanus-Resort-Weddings-and-Romance-Journey-1.jpg\" alt=\"Your magical wedding, brought to life at Pandanus. Pandanus offers the perfect seaside venue to celebrate your dream wedding.\" title=\"L\u1ec5 c\u01b0\u1edbi\"><\/figure><\/div>\t\t\t<\/div>\n\t\t\t\t\t\t\t\t\t\t\t\t<div class=\"elementor-swiper-button elementor-swiper-button-prev\" role=\"button\" tabindex=\"0\">\n\t\t\t\t\t\t<i aria-hidden=\"true\" class=\"eicon-chevron-left\"><\/i>\t\t\t\t\t<\/div>\n\t\t\t\t\t<div class=\"elementor-swiper-button elementor-swiper-button-next\" role=\"button\" tabindex=\"0\">\n\t\t\t\t\t\t<i aria-hidden=\"true\" class=\"eicon-chevron-right\"><\/i>\t\t\t\t\t<\/div>\n\t\t\t\t\n\t\t\t\t\t\t\t\t\t<div class=\"swiper-pagination\"><\/div>\n\t\t\t\t\t\t\t\t\t<\/div>\n\t\t\t\t\t\t<\/div>\n\t\t\t\t<\/div>\n\t\t\t\t\t<\/div>\n\t\t<\/div>\n\t\t\t\t\t<\/div>\n\t\t<\/section>\n\t\t\t\t\t<\/div>\n\t\t<\/div>\n\t\t\t\t<div class=\"elementor-column elementor-col-33 elementor-top-column elementor-element elementor-element-dce9500\" data-id=\"dce9500\" data-element_type=\"column\" data-e-type=\"column\">\n\t\t\t<div class=\"elementor-widget-wrap\">\n\t\t\t\t\t\t\t<\/div>\n\t\t<\/div>\n\t\t\t\t\t<\/div>\n\t\t<\/section>\n\t\t\t\t<section class=\"elementor-section elementor-top-section elementor-element elementor-element-76724c8 elementor-section-boxed elementor-section-height-default elementor-section-height-default\" data-id=\"76724c8\" data-element_type=\"section\" data-e-type=\"section\">\n\t\t\t\t\t\t<div class=\"elementor-container elementor-column-gap-default\">\n\t\t\t\t\t<div class=\"elementor-column elementor-col-100 elementor-top-column elementor-element elementor-element-46f8774\" data-id=\"46f8774\" data-element_type=\"column\" data-e-type=\"column\">\n\t\t\t<div class=\"elementor-widget-wrap elementor-element-populated\">\n\t\t\t\t\t\t<div class=\"elementor-element elementor-element-cd227c6 elementor-widget elementor-widget-heading\" data-id=\"cd227c6\" data-element_type=\"widget\" data-e-type=\"widget\" data-widget_type=\"heading.default\">\n\t\t\t\t<div class=\"elementor-widget-container\">\n\t\t\t\t\t<h3 class=\"elementor-heading-title elementor-size-default\">Tr\u0103ng M\u1eadt Ng\u1ecdt Ng\u00e0o<\/h3>\t\t\t\t<\/div>\n\t\t\t\t<\/div>\n\t\t\t\t<div class=\"elementor-element elementor-element-03f2d17 elementor-widget elementor-widget-text-editor\" data-id=\"03f2d17\" data-element_type=\"widget\" data-e-type=\"widget\" data-widget_type=\"text-editor.default\">\n\t\t\t\t<div class=\"elementor-widget-container\">\n\t\t\t\t\t\t\t\t\t<p>T\u1ea1o n\u00ean nh\u1eefng k\u00fd \u1ee9c tuy\u1ec7t v\u1eddi v\u1edbi t\u00ecnh y\u00eau \u0111\u00edch th\u1ef1c c\u1ee7a \u0111\u1eddi m\u00ecnh. C\u00f9ng th\u1ee9c d\u1eady th\u01b0\u1edfng th\u1ee9c \u00e2m thanh nh\u1ecbp nh\u00e0ng c\u1ee7a \u0111\u1ea1i d\u01b0\u01a1ng v\u00e0 b\u1eefa s\u00e1ng ph\u1ee5c v\u1ee5 t\u1ea1i gi\u01b0\u1eddng; ho\u1eb7c th\u01b0 gi\u00e3n v\u00e0 ngh\u1ec9 ng\u01a1i t\u1ea1i spa. H\u00e3y t\u1eadn h\u01b0\u1edfng nh\u1eefng gi\u00e2y ph\u00fat l\u00e3ng m\u1ea1n t\u1ea1i khu ngh\u1ec9 d\u01b0\u1ee1ng mi\u1ec1n nhi\u1ec7t \u0111\u1edbi n\u00e0y. <a href=\"https:\/\/www.pandanusresort.com\/vn\/wedding\/honeymoon-package\/\"><strong><span style=\"color: #009cde;\">T\u00ecm hi\u1ec3u th\u00eam<\/span><\/strong><\/a><\/p>\t\t\t\t\t\t\t\t<\/div>\n\t\t\t\t<\/div>\n\t\t\t\t\t<\/div>\n\t\t<\/div>\n\t\t\t\t\t<\/div>\n\t\t<\/section>\n\t\t\t\t<section class=\"elementor-section elementor-top-section elementor-element elementor-element-45bb16c elementor-section-boxed elementor-section-height-default elementor-section-height-default\" data-id=\"45bb16c\" data-element_type=\"section\" data-e-type=\"section\">\n\t\t\t\t\t\t<div class=\"elementor-container elementor-column-gap-default\">\n\t\t\t\t\t<div class=\"elementor-column elementor-col-100 elementor-top-column elementor-element elementor-element-cd8afe9\" data-id=\"cd8afe9\" data-element_type=\"column\" data-e-type=\"column\">\n\t\t\t<div class=\"elementor-widget-wrap elementor-element-populated\">\n\t\t\t\t\t\t<div class=\"elementor-element elementor-element-2371b73 elementor-widget elementor-widget-heading\" data-id=\"2371b73\" data-element_type=\"widget\" data-e-type=\"widget\" data-widget_type=\"heading.default\">\n\t\t\t\t<div class=\"elementor-widget-container\">\n\t\t\t\t\t<h3 class=\"elementor-heading-title elementor-size-default\">B\u1eefa T\u1ed1i L\u00e3ng M\u1ea1n<\/h3>\t\t\t\t<\/div>\n\t\t\t\t<\/div>\n\t\t\t\t<div class=\"elementor-element elementor-element-a40f0cf elementor-widget elementor-widget-text-editor\" data-id=\"a40f0cf\" data-element_type=\"widget\" data-e-type=\"widget\" data-widget_type=\"text-editor.default\">\n\t\t\t\t<div class=\"elementor-widget-container\">\n\t\t\t\t\t\t\t\t\t<p>C\u00f9ng ng\u01b0\u1eddi th\u01b0\u01a1ng th\u01b0\u1edfng th\u1ee9c m\u1ed9t b\u1eefa t\u1ed1i l\u00e3ng m\u1ea1n b\u00ean \u00e1nh n\u1ebfn lung linh v\u00e0 ti\u1ebfng \u0111\u00e0n guitar s\u00e2u l\u1eafng, g\u1eafn k\u1ebft y\u00eau th\u01b0\u01a1ng b\u1eb1ng m\u1ed9t ch\u00fat men r\u01b0\u1ee3u v\u00e0 h\u01b0\u01a1ng v\u1ecb \u1ea9m th\u1ef1c h\u1ea3o h\u1ea1ng. T\u1ea5t c\u1ea3 mang l\u1ea1i nh\u1eefng k\u1ef7 ni\u1ec7m kh\u00f3 phai trong l\u00f2ng m\u1ed7i ng\u01b0\u1eddi. <a href=\"https:\/\/www.pandanusresort.com\/vn\/wedding\/romantic-dinner\/\"><strong><span style=\"color: #009cde;\">T\u00ecm hi\u1ec3u th\u00eam<\/span><\/strong><\/a><\/p>\t\t\t\t\t\t\t\t<\/div>\n\t\t\t\t<\/div>\n\t\t\t\t\t<\/div>\n\t\t<\/div>\n\t\t\t\t\t<\/div>\n\t\t<\/section>\n\t\t\t\t<section class=\"elementor-section elementor-top-section elementor-element elementor-element-f3779e8 elementor-section-stretched elementor-section-full_width facilities-section elementor-section-height-default elementor-section-height-default\" data-id=\"f3779e8\" data-element_type=\"section\" data-e-type=\"section\" data-settings=\"{&quot;stretch_section&quot;:&quot;section-stretched&quot;}\">\n\t\t\t\t\t\t<div class=\"elementor-container elementor-column-gap-default\">\n\t\t\t\t\t<div class=\"elementor-column elementor-col-50 elementor-top-column elementor-element elementor-element-e028505\" data-id=\"e028505\" data-element_type=\"column\" data-e-type=\"column\">\n\t\t\t<div class=\"elementor-widget-wrap elementor-element-populated\">\n\t\t\t\t\t\t<div class=\"elementor-element elementor-element-2396741 image-box-wrapper mask-circle mask circle ratio1-1 elementor-widget elementor-widget-image\" data-id=\"2396741\" data-element_type=\"widget\" data-e-type=\"widget\" data-widget_type=\"image.default\">\n\t\t\t\t<div class=\"elementor-widget-container\">\n\t\t\t\t\t\t\t\t\t\t\t\t\t\t\t<img fetchpriority=\"high\" decoding=\"async\" width=\"1920\" height=\"1280\" src=\"https:\/\/www.pandanusresort.com\/wp-content\/uploads\/2026\/03\/Pandanus-Resort-Weddings-and-Romance-Journey-1.jpg\" class=\"attachment-full size-full wp-image-417099\" alt=\"Your magical wedding, brought to life at Pandanus. Pandanus offers the perfect seaside venue to celebrate your dream wedding.\" title=\"L\u1ec5 c\u01b0\u1edbi\">\t\t\t\t\t\t\t\t\t\t\t\t\t\t\t<\/div>\n\t\t\t\t<\/div>\n\t\t\t\t\t<\/div>\n\t\t<\/div>\n\t\t\t\t<div class=\"elementor-column elementor-col-50 elementor-top-column elementor-element elementor-element-a1fc2db content-box-wrapper spa-facilities\" data-id=\"a1fc2db\" data-element_type=\"column\" data-e-type=\"column\">\n\t\t\t<div class=\"elementor-widget-wrap elementor-element-populated\">\n\t\t\t\t\t\t<div class=\"elementor-element elementor-element-7dfa100 content-box elementor-widget elementor-widget-text-editor\" data-id=\"7dfa100\" data-element_type=\"widget\" data-e-type=\"widget\" data-widget_type=\"text-editor.default\">\n\t\t\t\t<div class=\"elementor-widget-container\">\n\t\t\t\t\t\t\t\t\t<h3><span style=\"color: #009cde;\">Ch\u01b0\u01a1ng tr\u00ecnh T\u1ed5 ch\u1ee9c L\u1ec5 C\u01b0\u1edbi<\/span><\/h3>\nH\u00e3y t\u1ef1 do th\u1ec3 hi\u1ec7n t\u00ecnh y\u00eau c\u1ee7a m\u00ecnh v\u1edbi ng\u01b0\u1eddi b\u1ea1n \u0111\u1eddi trong khung c\u1ea3nh \u0111\u1ea1i d\u01b0\u01a1ng tuy\u1ec7t \u0111\u1eb9p v\u00e0 c\u1ea3m nh\u1eadn ni\u1ec1m vui d\u00e2ng tr\u00e0o trong l\u1ec5 c\u01b0\u1edbi thi\u00eang li\u00eang b\u00ean b\u1edd bi\u1ec3n. T\u1eebng chi ti\u1ebft nh\u1ecf \u0111\u01b0\u1ee3c t\u1ec9 m\u1ec9 chu\u1ea9n b\u1ecb \u0111\u1ec3 l\u00e0m n\u00ean m\u1ed9t l\u1ec5 c\u01b0\u1edbi trong m\u01a1 tr\u1edf th\u00e0nh hi\u1ec7n th\u1ef1c. <a href=\"https:\/\/www.pandanusresort.com\/wedding\/wedding-package\/\"><strong><span style=\"color: #009cde;\">Xem chi ti\u1ebft<\/strong><\/a>\t\t\t\t\t\t\t\t<\/div>\n\t\t\t\t<\/div>\n\t\t\t\t\t<\/div>\n\t\t<\/div>\n\t\t\t\t\t<\/div>\n\t\t<\/section>\n\t\t\t\t<section class=\"elementor-section elementor-top-section elementor-element elementor-element-709461d elementor-section-boxed elementor-section-height-default elementor-section-height-default\" data-id=\"709461d\" data-element_type=\"section\" data-e-type=\"section\">\n\t\t\t\t\t\t<div class=\"elementor-container elementor-column-gap-default\">\n\t\t\t\t\t<div class=\"elementor-column elementor-col-100 elementor-top-column elementor-element elementor-element-13444d7\" data-id=\"13444d7\" data-element_type=\"column\" data-e-type=\"column\">\n\t\t\t<div class=\"elementor-widget-wrap elementor-element-populated\">\n\t\t\t\t\t\t<div class=\"elementor-element elementor-element-d51bdd9 elementor-widget elementor-widget-text-editor\" data-id=\"d51bdd9\" data-element_type=\"widget\" data-e-type=\"widget\" data-widget_type=\"text-editor.default\">\n\t\t\t\t<div class=\"elementor-widget-container\">\n\t\t\t\t\t\t\t\t\t<p>\u0110\u1ec3 bi\u1ebft th\u00eam th\u00f4ng tin, vui l\u00f2ng li\u00ean h\u1ec7:<br \/>+84 2523 849 849 | Hotline: +84 906 898 563<\/p>\t\t\t\t\t\t\t\t<\/div>\n\t\t\t\t<\/div>\n\t\t\t\t<div class=\"elementor-element elementor-element-6e1136a elementor-align-center button-link orange elementor-widget__width-initial elementor-widget-mobile__width-initial elementor-widget elementor-widget-button\" data-id=\"6e1136a\" data-element_type=\"widget\" data-e-type=\"widget\" data-widget_type=\"button.default\">\n\t\t\t\t<div class=\"elementor-widget-container\">\n\t\t\t\t\t\t\t\t\t<div class=\"elementor-button-wrapper\">\n\t\t\t\t\t<a class=\"elementor-button elementor-button-link elementor-size-sm\" href=\"https:\/\/tinyurl.com\/zalooapandanus\">\n\t\t\t\t\t\t<span class=\"elementor-button-content-wrapper\">\n\t\t\t\t\t\t\t\t\t<span class=\"elementor-button-text\">CONTACT ZALO<\/span>\n\t\t\t\t\t<\/span>\n\t\t\t\t\t<\/a>\n\t\t\t\t<\/div>\n\t\t\t\t\t\t\t\t<\/div>\n\t\t\t\t<\/div>\n\t\t\t\t\t<\/div>\n\t\t<\/div>\n\t\t\t\t\t<\/div>\n\t\t<\/section>\n\t\t\t\t<\/div>\n\t\t","protected":false},"excerpt":{"rendered":"<p>L\u1ec5 C\u01b0\u1edbi B\u00ean B\u1edd Bi\u1ec3n H\u00e3y t\u1eadn h\u01b0\u1edfng m\u1ed9t l\u1ec5 c\u01b0\u1edbi lung linh b\u00ean b\u1edd bi\u1ec3n \u0111\u1ec3 l\u01b0u l\u1ea1i nh\u1eefng d\u1ea5u \u1ea5n kh\u00f3 phai. V\u00e0 h\u01b0\u1edfng tr\u1ecdn ni\u1ec1m vui c\u1ee7a t\u00ecnh y\u00eau \u0111\u00f4i l\u1ee9a trong kh\u00f4ng gian ti\u1ec7c ri\u00eang t\u01b0 d\u00f9 l\u1edbn hay nh\u1ecf tr\u00ean b\u00e3i c\u00e1t tr\u1eafng m\u1ecbn. \u0110\u1ed9i ng\u0169 nh\u00e2n vi\u00ean chuy\u00ean nghi\u1ec7p [&hellip;]<\/p>\n","protected":false},"author":1,"featured_media":186626,"parent":0,"menu_order":33,"comment_status":"closed","ping_status":"closed","template":"elementor_header_footer","meta":{"_acf_changed":false,"ngg_post_thumbnail":0,"footnotes":""},"class_list":["post-1404","page","type-page","status-publish","has-post-thumbnail","hentry"],"acf":[],"_links":{"self":[{"href":"https:\/\/www.pandanusresort.com\/vn\/wp-json\/wp\/v2\/pages\/1404","targetHints":{"allow":["GET"]}}],"collection":[{"href":"https:\/\/www.pandanusresort.com\/vn\/wp-json\/wp\/v2\/pages"}],"about":[{"href":"https:\/\/www.pandanusresort.com\/vn\/wp-json\/wp\/v2\/types\/page"}],"author":[{"embeddable":true,"href":"https:\/\/www.pandanusresort.com\/vn\/wp-json\/wp\/v2\/users\/1"}],"replies":[{"embeddable":true,"href":"https:\/\/www.pandanusresort.com\/vn\/wp-json\/wp\/v2\/comments?post=1404"}],"version-history":[{"count":20,"href":"https:\/\/www.pandanusresort.com\/vn\/wp-json\/wp\/v2\/pages\/1404\/revisions"}],"predecessor-version":[{"id":417183,"href":"https:\/\/www.pandanusresort.com\/vn\/wp-json\/wp\/v2\/pages\/1404\/revisions\/417183"}],"wp:featuredmedia":[{"embeddable":true,"href":"https:\/\/www.pandanusresort.com\/vn\/wp-json\/wp\/v2\/media\/186626"}],"wp:attachment":[{"href":"https:\/\/www.pandanusresort.com\/vn\/wp-json\/wp\/v2\/media?parent=1404"}],"curies":[{"name":"wp","href":"https:\/\/api.w.org\/{rel}","templated":true}]}}