{"id":1412,"date":"2020-07-17T02:07:53","date_gmt":"2020-07-17T02:07:53","guid":{"rendered":"http:\/\/pandanus.quo-staging.com\/wellness\/"},"modified":"2026-03-19T05:33:25","modified_gmt":"2026-03-18T22:33:25","slug":"wellness","status":"publish","type":"page","link":"https:\/\/www.pandanusresort.com\/vn\/wellness\/","title":{"rendered":"Ch\u0103m s\u00f3c s\u1ee9c kho\u1ebb"},"content":{"rendered":"\t\t<div data-elementor-type=\"wp-page\" data-elementor-id=\"1412\" class=\"elementor elementor-1412 elementor-70\" data-elementor-post-type=\"page\">\n\t\t\t\t\t\t<section class=\"elementor-section elementor-top-section elementor-element elementor-element-726925cc elementor-section-stretched elementor-section-full_width elementor-section-height-default elementor-section-height-default\" data-id=\"726925cc\" data-element_type=\"section\" data-e-type=\"section\" data-settings=\"{&quot;stretch_section&quot;:&quot;section-stretched&quot;}\">\n\t\t\t\t\t\t<div class=\"elementor-container elementor-column-gap-no\">\n\t\t\t\t\t<div class=\"elementor-column elementor-col-100 elementor-top-column elementor-element elementor-element-2d33c59c\" data-id=\"2d33c59c\" data-element_type=\"column\" data-e-type=\"column\">\n\t\t\t<div class=\"elementor-widget-wrap elementor-element-populated\">\n\t\t\t\t\t\t<div class=\"elementor-element elementor-element-46eb63a elementor-widget elementor-widget-shortcode\" data-id=\"46eb63a\" data-element_type=\"widget\" data-e-type=\"widget\" data-widget_type=\"shortcode.default\">\n\t\t\t\t<div class=\"elementor-widget-container\">\n\t\t\t\t\t\t\t<div class=\"elementor-shortcode\">\t<section class=\"hero-section\">\n\t\t<div class=\"js-hero-slide js--slides--background\">\n\t\t\t\t\t\t\t<div class=\"item \">\n\t\t\t\t\t<div class=\"image-box figure ratio-hero\">\n\t\t\t\t\t\t\t\t\t\t\t\t\t<div class=\"elementor-image is--desktop\">\n\t\t\t\t\t\t\t\t<img data-src=\"https:\/\/www.pandanusresort.com\/wp-content\/uploads\/2025\/11\/Pandanus-Resort-Hibiscus-Spa-Hero4.webp\" alt=\"Pandanus Resort Hibiscus Spa Hero4\" title=\"Ch\u0103m s\u00f3c s\u1ee9c kho\u1ebb\">\n\t\t\t\t\t\t\t<\/div>\n\t\t\t\t\t\t\t<div class=\"elementor-image is--mobile\">\n\t\t\t\t\t\t\t\t<img data-src=\"https:\/\/www.pandanusresort.com\/wp-content\/uploads\/2025\/09\/Pandanus-Resort-Experiences-Wellness-Spa-Mobile-1.webp\" alt=\"Pandanus Resort Experiences Wellness Spa Mobile 1\" title=\"Ch\u0103m s\u00f3c s\u1ee9c kho\u1ebb\">\n\t\t\t\t\t\t\t<\/div>\n\t\t\t\t\t\t\t\t\t\t\t<\/div>\n\t\t\t\t<\/div>\n\t\t\t\t\t<\/div>\n\t\t<div class=\"hero-caption\">\n\t\t\t<!--  homepage is H1  -->\n\t\t\t<h2>Hibiscus Spa<\/h2>\n\t\t\t<h4>Kh\u00e1m ph\u00e1 h\u00e0nh tr\u00ecnh th\u01b0 gi\u00e3n<\/h4>\n\t\t<\/div>\n\t\t\t<\/section>\n\t<\/div>\n\t\t\t\t\t\t<\/div>\n\t\t\t\t<\/div>\n\t\t\t\t\t<\/div>\n\t\t<\/div>\n\t\t\t\t\t<\/div>\n\t\t<\/section>\n\t\t\t\t<section class=\"elementor-section elementor-top-section elementor-element elementor-element-155980c elementor-section-boxed elementor-section-height-default elementor-section-height-default\" data-id=\"155980c\" data-element_type=\"section\" data-e-type=\"section\">\n\t\t\t\t\t\t<div class=\"elementor-container elementor-column-gap-default\">\n\t\t\t\t\t<div class=\"elementor-column elementor-col-33 elementor-top-column elementor-element elementor-element-8e702a0\" data-id=\"8e702a0\" data-element_type=\"column\" data-e-type=\"column\">\n\t\t\t<div class=\"elementor-widget-wrap\">\n\t\t\t\t\t\t\t<\/div>\n\t\t<\/div>\n\t\t\t\t<div class=\"elementor-column elementor-col-33 elementor-top-column elementor-element elementor-element-b2f7721\" data-id=\"b2f7721\" data-element_type=\"column\" data-e-type=\"column\">\n\t\t\t<div class=\"elementor-widget-wrap elementor-element-populated\">\n\t\t\t\t\t\t<div class=\"elementor-element elementor-element-dbb2953 elementor-widget elementor-widget-spacer\" data-id=\"dbb2953\" data-element_type=\"widget\" data-e-type=\"widget\" data-widget_type=\"spacer.default\">\n\t\t\t\t<div class=\"elementor-widget-container\">\n\t\t\t\t\t\t\t<div class=\"elementor-spacer\">\n\t\t\t<div class=\"elementor-spacer-inner\"><\/div>\n\t\t<\/div>\n\t\t\t\t\t\t<\/div>\n\t\t\t\t<\/div>\n\t\t\t\t<div class=\"elementor-element elementor-element-6bec027 elementor-widget elementor-widget-heading\" data-id=\"6bec027\" data-element_type=\"widget\" data-e-type=\"widget\" data-widget_type=\"heading.default\">\n\t\t\t\t<div class=\"elementor-widget-container\">\n\t\t\t\t\t<h3 class=\"elementor-heading-title elementor-size-default\">T\u1eadn h\u01b0\u1edfng cu\u1ed9c s\u1ed1ng v\u1edbi d\u1ecbch v\u1ee5 ch\u0103m s\u00f3c s\u1ee9c kho\u1ebb v\u00e0 tinh th\u1ea7n<\/h3>\t\t\t\t<\/div>\n\t\t\t\t<\/div>\n\t\t\t\t<div class=\"elementor-element elementor-element-d7daca2 elementor-widget elementor-widget-text-editor\" data-id=\"d7daca2\" data-element_type=\"widget\" data-e-type=\"widget\" data-widget_type=\"text-editor.default\">\n\t\t\t\t<div class=\"elementor-widget-container\">\n\t\t\t\t\t\t\t\t\t<p>Gi\u1ea3i t\u1ecfa c\u0103ng th\u1eb3ng, tr\u1ebb h\u00f3a c\u01a1 th\u1ec3, t\u00e2m tr\u00ed v\u00e0 tinh th\u1ea7n b\u1edfi \u0111a d\u1ea1ng c\u00e1c li\u1ec7u tr\u00ecnh v\u00e0 chuy\u00ean vi\u00ean ch\u0103m s\u00f3c tay ngh\u1ec1 cao t\u1ea1i Pandanus. T\u1eeb massage, ch\u0103m s\u00f3c da m\u1eb7t \u0111\u1ebfn ch\u0103m s\u00f3c t\u00f3c v\u00e0 l\u00e0m \u0111\u1eb9p, b\u1ea1n \u0111\u1ec1u b\u1ecb cu\u1ed1n h\u00fat v\u00e0o c\u00e1c li\u1ec7u ph\u00e1p t\u1ef1 nhi\u00ean mang l\u1ea1i ngu\u1ed3n n\u0103ng l\u01b0\u1ee3ng t\u01b0\u01a1i m\u1edbi gi\u00fap ph\u1ee5c h\u1ed3i v\u00e0 tr\u1ebb h\u00f3a.<\/p>\t\t\t\t\t\t\t\t<\/div>\n\t\t\t\t<\/div>\n\t\t\t\t\t<\/div>\n\t\t<\/div>\n\t\t\t\t<div class=\"elementor-column elementor-col-33 elementor-top-column elementor-element elementor-element-0b34ef0\" data-id=\"0b34ef0\" data-element_type=\"column\" data-e-type=\"column\">\n\t\t\t<div class=\"elementor-widget-wrap\">\n\t\t\t\t\t\t\t<\/div>\n\t\t<\/div>\n\t\t\t\t\t<\/div>\n\t\t<\/section>\n\t\t\t\t<section class=\"elementor-section elementor-top-section elementor-element elementor-element-a63b3db elementor-section-stretched elementor-section-full_width content-with-circle-slides-section elementor-section-height-default elementor-section-height-default\" data-id=\"a63b3db\" data-element_type=\"section\" data-e-type=\"section\" data-settings=\"{&quot;stretch_section&quot;:&quot;section-stretched&quot;}\">\n\t\t\t\t\t\t<div class=\"elementor-container elementor-column-gap-default\">\n\t\t\t\t\t<div class=\"elementor-column elementor-col-100 elementor-top-column elementor-element elementor-element-2dd1f63\" data-id=\"2dd1f63\" data-element_type=\"column\" data-e-type=\"column\">\n\t\t\t<div class=\"elementor-widget-wrap elementor-element-populated\">\n\t\t\t\t\t\t<section class=\"elementor-section elementor-inner-section elementor-element elementor-element-bf73a66 elementor-section-full_width elementor-section-content-middle items elementor-section-height-default elementor-section-height-default\" data-id=\"bf73a66\" data-element_type=\"section\" data-e-type=\"section\">\n\t\t\t\t\t\t<div class=\"elementor-container elementor-column-gap-default\">\n\t\t\t\t\t<div class=\"elementor-column elementor-col-50 elementor-inner-column elementor-element elementor-element-9489f80\" data-id=\"9489f80\" data-element_type=\"column\" data-e-type=\"column\">\n\t\t\t<div class=\"elementor-widget-wrap elementor-element-populated\">\n\t\t\t\t\t\t<div class=\"elementor-element elementor-element-413bd2d mask circle ratio1-1 elementor-widget__width-initial elementor-widget elementor-widget-image\" data-id=\"413bd2d\" data-element_type=\"widget\" data-e-type=\"widget\" data-widget_type=\"image.default\">\n\t\t\t\t<div class=\"elementor-widget-container\">\n\t\t\t\t\t\t\t\t\t\t\t\t\t\t\t<img fetchpriority=\"high\" decoding=\"async\" width=\"1971\" height=\"1365\" src=\"https:\/\/www.pandanusresort.com\/wp-content\/uploads\/2025\/09\/Pandanus-Resort-Hibiscus-Spa_s31-1.webp\" class=\"attachment-full size-full wp-image-412499\" alt=\"Hibiscus Spa Pandanus Resort Mui Ne \u2013 Wellness sanctuary in tropical gardens. Kh\u00f4ng gian Hibiscus Spa t\u1ea1i Pandanus Resort M\u0169i N\u00e9\" title=\"Ch\u0103m s\u00f3c s\u1ee9c kho\u1ebb\">\t\t\t\t\t\t\t\t\t\t\t\t\t\t\t<\/div>\n\t\t\t\t<\/div>\n\t\t\t\t\t<\/div>\n\t\t<\/div>\n\t\t\t\t<div class=\"elementor-column elementor-col-50 elementor-inner-column elementor-element elementor-element-c6cb862\" data-id=\"c6cb862\" data-element_type=\"column\" data-e-type=\"column\">\n\t\t\t<div class=\"elementor-widget-wrap elementor-element-populated\">\n\t\t\t\t\t\t<div class=\"elementor-element elementor-element-8e97f61 content-box elementor-widget elementor-widget-text-editor\" data-id=\"8e97f61\" data-element_type=\"widget\" data-e-type=\"widget\" data-widget_type=\"text-editor.default\">\n\t\t\t\t<div class=\"elementor-widget-container\">\n\t\t\t\t\t\t\t\t\t<h4><span style=\"color: #009cde;\">C\u01a1 s\u1edf v\u1eadt ch\u1ea5t<\/span><\/h4><p>\u2022 Spa trong nh\u00e0<br \/>\u2022 Massage b\u00ean c\u1ea1nh b\u1edd bi\u1ec3n<br \/>\u2022 G\u00f3i Tr\u1ecb li\u1ec7u \u0111\u1eb7c bi\u1ec7t<br \/>\u2022 D\u1ecbch v\u1ee5 Ch\u0103m s\u00f3c m\u00e1i t\u00f3c<br \/>\u2022 D\u1ecbch v\u1ee5 Ch\u0103m s\u00f3c da m\u1eb7t v\u00e0 \u1ee7 da to\u00e0n th\u00e2n <br \/>\u2022 H\u00e0nh tr\u00ecnh c\u1eb7p \u0111\u00f4i<br \/>\u2022 D\u1ecbch v\u1ee5 Ch\u0103m s\u00f3c m\u00f3ng<br \/>\u2022 X\u00f4ng h\u01a1i<\/p>\t\t\t\t\t\t\t\t<\/div>\n\t\t\t\t<\/div>\n\t\t\t\t\t<\/div>\n\t\t<\/div>\n\t\t\t\t\t<\/div>\n\t\t<\/section>\n\t\t\t\t<section class=\"elementor-section elementor-inner-section elementor-element elementor-element-8cfb438 elementor-section-full_width elementor-section-content-middle items elementor-reverse-mobile elementor-section-height-default elementor-section-height-default\" data-id=\"8cfb438\" data-element_type=\"section\" data-e-type=\"section\">\n\t\t\t\t\t\t<div class=\"elementor-container elementor-column-gap-default\">\n\t\t\t\t\t<div class=\"elementor-column elementor-col-50 elementor-inner-column elementor-element elementor-element-ed5849d\" data-id=\"ed5849d\" data-element_type=\"column\" data-e-type=\"column\">\n\t\t\t<div class=\"elementor-widget-wrap elementor-element-populated\">\n\t\t\t\t\t\t<div class=\"elementor-element elementor-element-6f18761 content-box elementor-widget elementor-widget-text-editor\" data-id=\"6f18761\" data-element_type=\"widget\" data-e-type=\"widget\" data-widget_type=\"text-editor.default\">\n\t\t\t\t<div class=\"elementor-widget-container\">\n\t\t\t\t\t\t\t\t\t<h4><span style=\"color: #009cde;\">Spa Truy\u1ec1n Th\u1ed1ng Trong Nh\u00e0<\/span><\/h4><p>N\u00e2ng cao s\u1ee9c kh\u1ecfe tinh th\u1ea7n v\u00e0 th\u1ec3 ch\u1ea5t l\u00e0 m\u1ed9t trong v\u00f4 s\u1ed1 nh\u1eefng l\u01a1i \u00edch c\u1ee7a c\u00e1c li\u1ec7u ph\u00e1p m\u00e0 Hibiscus Spa trong nh\u00e0 mang l\u1ea1i. H\u00e3y th\u1eed c\u00e1c li\u1ec7u ph\u00e1p body wrap, t\u1ea9y da ch\u1ebft ho\u1eb7c tr\u1ecb li\u1ec7u th\u01b0 gi\u00e3n, hay th\u01b0\u1edfng th\u1ee9c vi\u1ec7c \u0111\u01b0\u1ee3c ch\u0103m s\u00f3c l\u00e0m m\u00f3ng tay, m\u00f3ng ch\u00e2n v\u00e0 t\u1ea9y l\u00f4ng. Ch\u00fang t\u00f4i c\u0169ng cung c\u1ea5p ph\u00f2ng spa \u0111\u00f4i sang tr\u1ecdng mang \u0111\u1ebfn cho c\u00e1c c\u1eb7p \u0111\u00f4i m\u1ed9t tr\u1ea3i nghi\u1ec7m v\u00f4 c\u00f9ng th\u00fa v\u1ecb. N\u1eb1m trong khu\u00f4n vi\u00ean xanh m\u00e1t c\u1ee7a khu ngh\u1ec9 d\u01b0\u1ee1ng mi\u1ec1n nhi\u1ec7t \u0111\u1edbi, Spa c\u1ee7a ch\u00fang t\u00f4i l\u00e0 n\u01a1i th\u01b0 gi\u00e3n ho\u00e0n h\u1ea3o cho nh\u1eefng ng\u01b0\u1eddi y\u00eau th\u00edch s\u1ef1 ri\u00eang t\u01b0 v\u00e0 y\u00ean b\u00ecnh.<\/p>\t\t\t\t\t\t\t\t<\/div>\n\t\t\t\t<\/div>\n\t\t\t\t\t<\/div>\n\t\t<\/div>\n\t\t\t\t<div class=\"elementor-column elementor-col-50 elementor-inner-column elementor-element elementor-element-7b2f3ff\" data-id=\"7b2f3ff\" data-element_type=\"column\" data-e-type=\"column\">\n\t\t\t<div class=\"elementor-widget-wrap elementor-element-populated\">\n\t\t\t\t\t\t<div class=\"elementor-element elementor-element-936ed30 mask circle ratio1-1 elementor-widget elementor-widget-image\" data-id=\"936ed30\" data-element_type=\"widget\" data-e-type=\"widget\" data-widget_type=\"image.default\">\n\t\t\t\t<div class=\"elementor-widget-container\">\n\t\t\t\t\t\t\t\t\t\t\t\t\t\t\t<img decoding=\"async\" width=\"1971\" height=\"1365\" src=\"https:\/\/www.pandanusresort.com\/wp-content\/uploads\/2025\/08\/Pandanus-Resort-Hibiscus-Spa-03.webp\" class=\"attachment-full size-full wp-image-412201\" alt=\"Hibiscus Spa, Renew Your Senses, \u0110\u00e1nh th\u1ee9c m\u1ecdi gi\u00e1c quan, Escape and Rejuvenate at Hibiscus Spa, Where Peace Blooms\" title=\"Ch\u0103m s\u00f3c s\u1ee9c kho\u1ebb\">\t\t\t\t\t\t\t\t\t\t\t\t\t\t\t<\/div>\n\t\t\t\t<\/div>\n\t\t\t\t\t<\/div>\n\t\t<\/div>\n\t\t\t\t\t<\/div>\n\t\t<\/section>\n\t\t\t\t\t<\/div>\n\t\t<\/div>\n\t\t\t\t\t<\/div>\n\t\t<\/section>\n\t\t\t\t<section class=\"elementor-section elementor-top-section elementor-element elementor-element-d531ca1 elementor-section-boxed elementor-section-height-default elementor-section-height-default\" data-id=\"d531ca1\" data-element_type=\"section\" data-e-type=\"section\">\n\t\t\t\t\t\t<div class=\"elementor-container elementor-column-gap-default\">\n\t\t\t\t\t<div class=\"elementor-column elementor-col-33 elementor-top-column elementor-element elementor-element-ea6e39e\" data-id=\"ea6e39e\" data-element_type=\"column\" data-e-type=\"column\">\n\t\t\t<div class=\"elementor-widget-wrap\">\n\t\t\t\t\t\t\t<\/div>\n\t\t<\/div>\n\t\t\t\t<div class=\"elementor-column elementor-col-33 elementor-top-column elementor-element elementor-element-859191e\" data-id=\"859191e\" data-element_type=\"column\" data-e-type=\"column\">\n\t\t\t<div class=\"elementor-widget-wrap elementor-element-populated\">\n\t\t\t\t\t\t<div class=\"elementor-element elementor-element-c25598e elementor-widget elementor-widget-text-editor\" data-id=\"c25598e\" data-element_type=\"widget\" data-e-type=\"widget\" data-widget_type=\"text-editor.default\">\n\t\t\t\t<div class=\"elementor-widget-container\">\n\t\t\t\t\t\t\t\t\t<p>Th\u1eddi gian ho\u1ea1t \u0111\u1ed9ng: 08:30 \u2013 18:00. C\u00e1c cu\u1ed9c h\u1eb9n c\u00f3 th\u1ec3 \u0111\u01b0\u1ee3c l\u00ean l\u1ecbch t\u1eeb 08:00.<\/p><p>\u0110\u1ec3 \u0111\u1eb7t d\u1ecbch v\u1ee5, Qu\u00fd kh\u00e1ch vui l\u00f2ng li\u00ean h\u1ec7 tr\u1ef1c ti\u1ebfp t\u1ea1i Qu\u1ea7y L\u1ec5 t\u00e2n ho\u1eb7c g\u1ecdi s\u1ed1 n\u1ed9i b\u1ed9 [636]<\/p>\t\t\t\t\t\t\t\t<\/div>\n\t\t\t\t<\/div>\n\t\t\t\t<div class=\"elementor-element elementor-element-ef7ebbb button-link orange elementor-widget elementor-widget-button\" data-id=\"ef7ebbb\" data-element_type=\"widget\" data-e-type=\"widget\" data-widget_type=\"button.default\">\n\t\t\t\t<div class=\"elementor-widget-container\">\n\t\t\t\t\t\t\t\t\t<div class=\"elementor-button-wrapper\">\n\t\t\t\t\t<a class=\"elementor-button elementor-button-link elementor-size-sm\" href=\"https:\/\/www.pandanusresort.com\/shares\/Hibiscus-Spa-Menu-2025.pdf\">\n\t\t\t\t\t\t<span class=\"elementor-button-content-wrapper\">\n\t\t\t\t\t\t\t\t\t<span class=\"elementor-button-text\">Li\u1ec7u tr\u00ecnh<\/span>\n\t\t\t\t\t<\/span>\n\t\t\t\t\t<\/a>\n\t\t\t\t<\/div>\n\t\t\t\t\t\t\t\t<\/div>\n\t\t\t\t<\/div>\n\t\t\t\t\t<\/div>\n\t\t<\/div>\n\t\t\t\t<div class=\"elementor-column elementor-col-33 elementor-top-column elementor-element elementor-element-08c58be\" data-id=\"08c58be\" data-element_type=\"column\" data-e-type=\"column\">\n\t\t\t<div class=\"elementor-widget-wrap\">\n\t\t\t\t\t\t\t<\/div>\n\t\t<\/div>\n\t\t\t\t\t<\/div>\n\t\t<\/section>\n\t\t\t\t<section class=\"elementor-section elementor-top-section elementor-element elementor-element-f5b94d5 elementor-section-stretched elementor-section-full_width content-with-circle-slides-section elementor-section-height-default elementor-section-height-default\" data-id=\"f5b94d5\" data-element_type=\"section\" data-e-type=\"section\" data-settings=\"{&quot;stretch_section&quot;:&quot;section-stretched&quot;}\">\n\t\t\t\t\t\t<div class=\"elementor-container elementor-column-gap-default\">\n\t\t\t\t\t<div class=\"elementor-column elementor-col-100 elementor-top-column elementor-element elementor-element-2606302\" data-id=\"2606302\" data-element_type=\"column\" data-e-type=\"column\">\n\t\t\t<div class=\"elementor-widget-wrap elementor-element-populated\">\n\t\t\t\t\t\t<section class=\"elementor-section elementor-inner-section elementor-element elementor-element-74cd874 elementor-section-full_width elementor-section-content-middle items elementor-section-height-default elementor-section-height-default\" data-id=\"74cd874\" data-element_type=\"section\" data-e-type=\"section\">\n\t\t\t\t\t\t<div class=\"elementor-container elementor-column-gap-default\">\n\t\t\t\t\t<div class=\"elementor-column elementor-col-50 elementor-inner-column elementor-element elementor-element-1091ea8\" data-id=\"1091ea8\" data-element_type=\"column\" data-e-type=\"column\">\n\t\t\t<div class=\"elementor-widget-wrap elementor-element-populated\">\n\t\t\t\t\t\t<div class=\"elementor-element elementor-element-3d1cd14 mask circle ratio1-1 elementor-widget elementor-widget-image\" data-id=\"3d1cd14\" data-element_type=\"widget\" data-e-type=\"widget\" data-widget_type=\"image.default\">\n\t\t\t\t<div class=\"elementor-widget-container\">\n\t\t\t\t\t\t\t\t\t\t\t\t\t\t\t<img decoding=\"async\" width=\"1280\" height=\"900\" src=\"https:\/\/www.pandanusresort.com\/wp-content\/uploads\/2025\/06\/Pandanus-Resort-Home-Spa.webp\" class=\"attachment-full size-full wp-image-411157\" alt=\"N\u01a1i b\u00ecnh y\u00ean s\u00f3ng v\u1ed7, Enriching Oasis. Pandanus Resort Mui Ne. Outdoor Spa\" title=\"Ch\u0103m s\u00f3c s\u1ee9c kho\u1ebb\">\t\t\t\t\t\t\t\t\t\t\t\t\t\t\t<\/div>\n\t\t\t\t<\/div>\n\t\t\t\t\t<\/div>\n\t\t<\/div>\n\t\t\t\t<div class=\"elementor-column elementor-col-50 elementor-inner-column elementor-element elementor-element-8c74fdd\" data-id=\"8c74fdd\" data-element_type=\"column\" data-e-type=\"column\">\n\t\t\t<div class=\"elementor-widget-wrap elementor-element-populated\">\n\t\t\t\t\t\t<div class=\"elementor-element elementor-element-271ca6e content-box elementor-widget elementor-widget-text-editor\" data-id=\"271ca6e\" data-element_type=\"widget\" data-e-type=\"widget\" data-widget_type=\"text-editor.default\">\n\t\t\t\t<div class=\"elementor-widget-container\">\n\t\t\t\t\t\t\t\t\t<h4><span style=\"color: #009cde;\">Spa Ngo\u00e0i Tr\u1eddi<\/h4>\nC\u00f2n g\u00ec tuy\u1ec7t v\u1eddi h\u01a1n khi v\u1eeba th\u1ea3 h\u1ed3n tr\u00f4i theo t\u1eebng \u00e2m thanh d\u1ea1t d\u00e0o c\u1ee7a s\u00f3ng bi\u1ec3n v\u1eeba th\u1ea3 l\u1ecfng c\u01a1 th\u1ec3 t\u1eadn h\u01b0\u1edfng s\u1ef1 th\u01b0 gi\u00e3n t\u1eadn c\u00f9ng b\u1edfi c\u00e1c ph\u01b0\u01a1ng ph\u00e1p b\u1ea5m huy\u1ec7t ph\u1ea3n x\u1ea1 t\u1ea1i l\u1ec1u massage ngay t\u1ea1i khu v\u1ef1c b\u00e3i bi\u1ec3n.\t\t\t\t\t\t\t\t<\/div>\n\t\t\t\t<\/div>\n\t\t\t\t\t<\/div>\n\t\t<\/div>\n\t\t\t\t\t<\/div>\n\t\t<\/section>\n\t\t\t\t<section class=\"elementor-section elementor-inner-section elementor-element elementor-element-f83ebe0 elementor-section-full_width elementor-section-content-middle items elementor-reverse-mobile elementor-section-height-default elementor-section-height-default\" data-id=\"f83ebe0\" data-element_type=\"section\" data-e-type=\"section\">\n\t\t\t\t\t\t<div class=\"elementor-container elementor-column-gap-default\">\n\t\t\t\t\t<div class=\"elementor-column elementor-col-50 elementor-inner-column elementor-element elementor-element-838a3e6\" data-id=\"838a3e6\" data-element_type=\"column\" data-e-type=\"column\">\n\t\t\t<div class=\"elementor-widget-wrap elementor-element-populated\">\n\t\t\t\t\t\t<div class=\"elementor-element elementor-element-b6af9a9 content-box elementor-widget elementor-widget-text-editor\" data-id=\"b6af9a9\" data-element_type=\"widget\" data-e-type=\"widget\" data-widget_type=\"text-editor.default\">\n\t\t\t\t<div class=\"elementor-widget-container\">\n\t\t\t\t\t\t\t\t\t<h4><span style=\"color: #009cde;\">Spa Truy\u1ec1n Th\u1ed1ng Trong Nh\u00e0<\/span><\/h4><p>N\u00e2ng cao s\u1ee9c kh\u1ecfe tinh th\u1ea7n v\u00e0 th\u1ec3 ch\u1ea5t l\u00e0 m\u1ed9t trong v\u00f4 s\u1ed1 nh\u1eefng l\u01a1i \u00edch c\u1ee7a c\u00e1c li\u1ec7u ph\u00e1p m\u00e0 Hibiscus Spa trong nh\u00e0 mang l\u1ea1i. H\u00e3y th\u1eed c\u00e1c li\u1ec7u ph\u00e1p body wrap, t\u1ea9y da ch\u1ebft ho\u1eb7c tr\u1ecb li\u1ec7u th\u01b0 gi\u00e3n, hay th\u01b0\u1edfng th\u1ee9c vi\u1ec7c \u0111\u01b0\u1ee3c ch\u0103m s\u00f3c l\u00e0m m\u00f3ng tay, m\u00f3ng ch\u00e2n v\u00e0 t\u1ea9y l\u00f4ng. Ch\u00fang t\u00f4i c\u0169ng cung c\u1ea5p ph\u00f2ng spa \u0111\u00f4i sang tr\u1ecdng mang \u0111\u1ebfn cho c\u00e1c c\u1eb7p \u0111\u00f4i m\u1ed9t tr\u1ea3i nghi\u1ec7m v\u00f4 c\u00f9ng th\u00fa v\u1ecb.<\/p><p>N\u1eb1m trong khu\u00f4n vi\u00ean xanh m\u00e1t c\u1ee7a khu ngh\u1ec9 d\u01b0\u1ee1ng mi\u1ec1n nhi\u1ec7t \u0111\u1edbi, Hibiscus Spa c\u1ee7a ch\u00fang t\u00f4i l\u00e0 n\u01a1i th\u01b0 gi\u00e3n ho\u00e0n h\u1ea3o cho nh\u1eefng ng\u01b0\u1eddi y\u00eau th\u00edch s\u1ef1 ri\u00eang t\u01b0 v\u00e0 y\u00ean b\u00ecnh.<\/p>\t\t\t\t\t\t\t\t<\/div>\n\t\t\t\t<\/div>\n\t\t\t\t\t<\/div>\n\t\t<\/div>\n\t\t\t\t<div class=\"elementor-column elementor-col-50 elementor-inner-column elementor-element elementor-element-c87d05d\" data-id=\"c87d05d\" data-element_type=\"column\" data-e-type=\"column\">\n\t\t\t<div class=\"elementor-widget-wrap elementor-element-populated\">\n\t\t\t\t\t\t<div class=\"elementor-element elementor-element-7d35bc9 mask circle ratio1-1 elementor-widget elementor-widget-image\" data-id=\"7d35bc9\" data-element_type=\"widget\" data-e-type=\"widget\" data-widget_type=\"image.default\">\n\t\t\t\t<div class=\"elementor-widget-container\">\n\t\t\t\t\t\t\t\t\t\t\t\t\t\t\t<img decoding=\"async\" width=\"1971\" height=\"1365\" src=\"https:\/\/www.pandanusresort.com\/wp-content\/uploads\/2025\/08\/Pandanus-Resort-Hibiscus-Spa-03.webp\" class=\"attachment-full size-full wp-image-412201\" alt=\"Hibiscus Spa, Renew Your Senses, \u0110\u00e1nh th\u1ee9c m\u1ecdi gi\u00e1c quan, Escape and Rejuvenate at Hibiscus Spa, Where Peace Blooms\" title=\"Ch\u0103m s\u00f3c s\u1ee9c kho\u1ebb\">\t\t\t\t\t\t\t\t\t\t\t\t\t\t\t<\/div>\n\t\t\t\t<\/div>\n\t\t\t\t\t<\/div>\n\t\t<\/div>\n\t\t\t\t\t<\/div>\n\t\t<\/section>\n\t\t\t\t\t<\/div>\n\t\t<\/div>\n\t\t\t\t\t<\/div>\n\t\t<\/section>\n\t\t\t\t<section class=\"elementor-section elementor-top-section elementor-element elementor-element-61122ca elementor-section-boxed elementor-section-height-default elementor-section-height-default\" data-id=\"61122ca\" data-element_type=\"section\" data-e-type=\"section\">\n\t\t\t\t\t\t<div class=\"elementor-container elementor-column-gap-default\">\n\t\t\t\t\t<div class=\"elementor-column elementor-col-33 elementor-top-column elementor-element elementor-element-59a8b22\" data-id=\"59a8b22\" data-element_type=\"column\" data-e-type=\"column\">\n\t\t\t<div class=\"elementor-widget-wrap\">\n\t\t\t\t\t\t\t<\/div>\n\t\t<\/div>\n\t\t\t\t<div class=\"elementor-column elementor-col-33 elementor-top-column elementor-element elementor-element-01133d5\" data-id=\"01133d5\" data-element_type=\"column\" data-e-type=\"column\">\n\t\t\t<div class=\"elementor-widget-wrap elementor-element-populated\">\n\t\t\t\t\t\t<div class=\"elementor-element elementor-element-e46158d elementor-align-center button-link orange elementor-widget elementor-widget-button\" data-id=\"e46158d\" data-element_type=\"widget\" data-e-type=\"widget\" data-widget_type=\"button.default\">\n\t\t\t\t<div class=\"elementor-widget-container\">\n\t\t\t\t\t\t\t\t\t<div class=\"elementor-button-wrapper\">\n\t\t\t\t\t<a class=\"elementor-button elementor-button-link elementor-size-sm\" href=\"https:\/\/www.pandanusresort.com\/vn\/hibiscus-spa\/\">\n\t\t\t\t\t\t<span class=\"elementor-button-content-wrapper\">\n\t\t\t\t\t\t\t\t\t<span class=\"elementor-button-text\">Kh\u00e1m ph\u00e1 h\u00e0nh tr\u00ecnh th\u01b0 gi\u00e3n<\/span>\n\t\t\t\t\t<\/span>\n\t\t\t\t\t<\/a>\n\t\t\t\t<\/div>\n\t\t\t\t\t\t\t\t<\/div>\n\t\t\t\t<\/div>\n\t\t\t\t\t<\/div>\n\t\t<\/div>\n\t\t\t\t<div class=\"elementor-column elementor-col-33 elementor-top-column elementor-element elementor-element-98be377\" data-id=\"98be377\" data-element_type=\"column\" data-e-type=\"column\">\n\t\t\t<div class=\"elementor-widget-wrap\">\n\t\t\t\t\t\t\t<\/div>\n\t\t<\/div>\n\t\t\t\t\t<\/div>\n\t\t<\/section>\n\t\t\t\t<\/div>\n\t\t","protected":false},"excerpt":{"rendered":"<p>T\u1eadn h\u01b0\u1edfng cu\u1ed9c s\u1ed1ng v\u1edbi d\u1ecbch v\u1ee5 ch\u0103m s\u00f3c s\u1ee9c kho\u1ebb v\u00e0 tinh th\u1ea7n Gi\u1ea3i t\u1ecfa c\u0103ng th\u1eb3ng, tr\u1ebb h\u00f3a c\u01a1 th\u1ec3, t\u00e2m tr\u00ed v\u00e0 tinh th\u1ea7n b\u1edfi \u0111a d\u1ea1ng c\u00e1c li\u1ec7u tr\u00ecnh v\u00e0 chuy\u00ean vi\u00ean ch\u0103m s\u00f3c tay ngh\u1ec1 cao t\u1ea1i Pandanus. T\u1eeb massage, ch\u0103m s\u00f3c da m\u1eb7t \u0111\u1ebfn ch\u0103m s\u00f3c t\u00f3c v\u00e0 l\u00e0m [&hellip;]<\/p>\n","protected":false},"author":1,"featured_media":412430,"parent":0,"menu_order":29,"comment_status":"closed","ping_status":"closed","template":"","meta":{"_acf_changed":false,"ngg_post_thumbnail":0,"footnotes":""},"class_list":["post-1412","page","type-page","status-publish","has-post-thumbnail","hentry"],"acf":[],"_links":{"self":[{"href":"https:\/\/www.pandanusresort.com\/vn\/wp-json\/wp\/v2\/pages\/1412","targetHints":{"allow":["GET"]}}],"collection":[{"href":"https:\/\/www.pandanusresort.com\/vn\/wp-json\/wp\/v2\/pages"}],"about":[{"href":"https:\/\/www.pandanusresort.com\/vn\/wp-json\/wp\/v2\/types\/page"}],"author":[{"embeddable":true,"href":"https:\/\/www.pandanusresort.com\/vn\/wp-json\/wp\/v2\/users\/1"}],"replies":[{"embeddable":true,"href":"https:\/\/www.pandanusresort.com\/vn\/wp-json\/wp\/v2\/comments?post=1412"}],"version-history":[{"count":4,"href":"https:\/\/www.pandanusresort.com\/vn\/wp-json\/wp\/v2\/pages\/1412\/revisions"}],"predecessor-version":[{"id":417002,"href":"https:\/\/www.pandanusresort.com\/vn\/wp-json\/wp\/v2\/pages\/1412\/revisions\/417002"}],"wp:featuredmedia":[{"embeddable":true,"href":"https:\/\/www.pandanusresort.com\/vn\/wp-json\/wp\/v2\/media\/412430"}],"wp:attachment":[{"href":"https:\/\/www.pandanusresort.com\/vn\/wp-json\/wp\/v2\/media?parent=1412"}],"curies":[{"name":"wp","href":"https:\/\/api.w.org\/{rel}","templated":true}]}}