{"id":411026,"date":"2025-06-24T13:22:30","date_gmt":"2025-06-24T06:22:30","guid":{"rendered":"https:\/\/www.pandanusresort.com\/wellness\/yoga-va-khi-cong\/"},"modified":"2025-09-19T10:44:47","modified_gmt":"2025-09-19T03:44:47","slug":"yoga-va-thaicucquyen","status":"publish","type":"page","link":"https:\/\/www.pandanusresort.com\/vn\/wellness\/yoga-va-thaicucquyen\/","title":{"rendered":"Yoga v\u00e0 Th\u00e1i c\u1ef1c quy\u1ec1n"},"content":{"rendered":"\t\t<div data-elementor-type=\"wp-page\" data-elementor-id=\"411026\" class=\"elementor elementor-411026 elementor-381157\" data-elementor-post-type=\"page\">\n\t\t\t\t\t\t<section class=\"elementor-section elementor-top-section elementor-element elementor-element-b155e01 elementor-section-stretched elementor-section-full_width elementor-section-height-default elementor-section-height-default\" data-id=\"b155e01\" data-element_type=\"section\" data-e-type=\"section\" data-settings=\"{&quot;stretch_section&quot;:&quot;section-stretched&quot;}\">\n\t\t\t\t\t\t<div class=\"elementor-container elementor-column-gap-no\">\n\t\t\t\t\t<div class=\"elementor-column elementor-col-100 elementor-top-column elementor-element elementor-element-616df77\" data-id=\"616df77\" data-element_type=\"column\" data-e-type=\"column\">\n\t\t\t<div class=\"elementor-widget-wrap elementor-element-populated\">\n\t\t\t\t\t\t<div class=\"elementor-element elementor-element-8153dea elementor-widget elementor-widget-shortcode\" data-id=\"8153dea\" data-element_type=\"widget\" data-e-type=\"widget\" data-widget_type=\"shortcode.default\">\n\t\t\t\t<div class=\"elementor-widget-container\">\n\t\t\t\t\t\t\t<div class=\"elementor-shortcode\">\t<section class=\"hero-section\">\n\t\t<div class=\"js-hero-slide js--slides--background\">\n\t\t\t\t\t\t\t<div class=\"item \">\n\t\t\t\t\t<div class=\"image-box figure ratio-hero\">\n\t\t\t\t\t\t\t\t\t\t\t\t\t<div class=\"elementor-image is--desktop\">\n\t\t\t\t\t\t\t\t<img data-src=\"https:\/\/www.pandanusresort.com\/wp-content\/uploads\/2025\/07\/Pandanusresort-wellness-yoga-and-tai-chi-cover.webp\" alt=\"Pandanusresort Wellness Yoga And Tai Chi Cover\" title=\"Yoga v\u00e0 Th\u00e1i c\u1ef1c quy\u1ec1n\">\n\t\t\t\t\t\t\t<\/div>\n\t\t\t\t\t\t\t<div class=\"elementor-image is--mobile\">\n\t\t\t\t\t\t\t\t<img data-src=\"https:\/\/www.pandanusresort.com\/wp-content\/uploads\/2025\/09\/Pandanus-Resort-Wellness-Mobile-Yoga-and-Taichi.webp\" alt=\"Pandanus Resort Wellness Mobile Yoga And Taichi\" title=\"Yoga v\u00e0 Th\u00e1i c\u1ef1c quy\u1ec1n\">\n\t\t\t\t\t\t\t<\/div>\n\t\t\t\t\t\t\t\t\t\t\t<\/div>\n\t\t\t\t<\/div>\n\t\t\t\t\t<\/div>\n\t\t<div class=\"hero-caption\">\n\t\t\t<!--  homepage is H1  -->\n\t\t\t<h2>Yoga v\u00e0 Th\u00e1i c\u1ef1c quy\u1ec1n<\/h2>\n\t\t\t<h4>Find your deepest self<\/h4>\n\t\t<\/div>\n\t\t\t<\/section>\n\t<\/div>\n\t\t\t\t\t\t<\/div>\n\t\t\t\t<\/div>\n\t\t\t\t\t<\/div>\n\t\t<\/div>\n\t\t\t\t\t<\/div>\n\t\t<\/section>\n\t\t\t\t<section class=\"elementor-section elementor-top-section elementor-element elementor-element-811ac86 elementor-section-stretched elementor-section-full_width list-box-items-section custom-container elementor-section-height-default elementor-section-height-default\" data-id=\"811ac86\" data-element_type=\"section\" data-e-type=\"section\" data-settings=\"{&quot;stretch_section&quot;:&quot;section-stretched&quot;}\">\n\t\t\t\t\t\t<div class=\"elementor-container elementor-column-gap-no\">\n\t\t\t\t\t<div class=\"elementor-column elementor-col-50 elementor-top-column elementor-element elementor-element-7db1647\" data-id=\"7db1647\" data-element_type=\"column\" data-e-type=\"column\">\n\t\t\t<div class=\"elementor-widget-wrap elementor-element-populated\">\n\t\t\t\t\t\t<div class=\"elementor-element elementor-element-588fd94 list-box-item button-link orange elementor-widget elementor-widget-text-editor\" data-id=\"588fd94\" data-element_type=\"widget\" data-e-type=\"widget\" data-widget_type=\"text-editor.default\">\n\t\t\t\t<div class=\"elementor-widget-container\">\n\t\t\t\t\t\t\t\t\t<h4>L\u1edbp h\u1ecdc Yoga<\/h4><p><strong>Mi\u1ec5n ph\u00ed<\/strong><\/p><p><strong>Th\u1eddi gian:<\/strong> 09:30 \u2013 10:30 M\u1ed7i Ng\u00e0y<\/p><p><strong>\u0110\u1ecba \u0111i\u1ec3m:<\/strong> Khu v\u1ef1c Yoga &amp; Th\u00e1i C\u1ef1c Quy\u1ec1n g\u1ea7n H\u1ed3 b\u01a1i Orchid<\/p><p>Kh\u1edfi \u0111\u1ea7u ng\u00e0y m\u1edbi v\u1edbi n\u0103ng l\u01b0\u1ee3ng t\u00edch c\u1ef1c v\u00e0 s\u1ef1 b\u00ecnh y\u00ean c\u00f9ng l\u1edbp Yoga t\u1ea1i Pandanus Resort. C\u00e1c bu\u1ed5i t\u1eadp \u0111\u01b0\u1ee3c h\u01b0\u1edbng d\u1eabn b\u1edfi hu\u1ea5n luy\u1ec7n vi\u00ean gi\u00e0u kinh nghi\u1ec7m, ph\u00f9 h\u1ee3p cho m\u1ecdi c\u1ea5p \u0111\u1ed9 \u2013 t\u1eeb ng\u01b0\u1eddi m\u1edbi b\u1eaft \u0111\u1ea7u \u0111\u1ebfn ng\u01b0\u1eddi \u0111\u00e3 t\u1eadp l\u00e2u n\u0103m.<\/p><p>Th\u1ea3m t\u1eadp chu\u1ea9n b\u1ecb s\u1eb5n. B\u1ea1n ch\u1ec9 c\u1ea7n ch\u1ecdn cho m\u00ecnh b\u1ed9 \u0111\u1ed3 tho\u1ea3i m\u00e1i nh\u1ea5t v\u00e0 s\u1eb5n s\u00e0ng tham gia.<\/p>\t\t\t\t\t\t\t\t<\/div>\n\t\t\t\t<\/div>\n\t\t\t\t\t<\/div>\n\t\t<\/div>\n\t\t\t\t<div class=\"elementor-column elementor-col-50 elementor-top-column elementor-element elementor-element-3485328 item mask rectangle\" data-id=\"3485328\" data-element_type=\"column\" data-e-type=\"column\">\n\t\t\t<div class=\"elementor-widget-wrap elementor-element-populated\">\n\t\t\t\t\t\t<div class=\"elementor-element elementor-element-d656e18 ratio1-1 elementor-widget elementor-widget-image\" data-id=\"d656e18\" data-element_type=\"widget\" data-e-type=\"widget\" data-settings=\"{&quot;sticky&quot;:&quot;top&quot;,&quot;sticky_on&quot;:[&quot;desktop&quot;],&quot;sticky_parent&quot;:&quot;yes&quot;,&quot;sticky_offset&quot;:0,&quot;sticky_effects_offset&quot;:0,&quot;sticky_anchor_link_offset&quot;:0}\" data-widget_type=\"image.default\">\n\t\t\t\t<div class=\"elementor-widget-container\">\n\t\t\t\t\t\t\t\t\t\t\t\t\t\t\t<img fetchpriority=\"high\" decoding=\"async\" width=\"2048\" height=\"1365\" src=\"https:\/\/www.pandanusresort.com\/wp-content\/uploads\/2025\/06\/Pandanus-Resort-Yoga-and-Tai-Chi-3-1.jpg\" class=\"attachment-full size-full wp-image-411020\" alt=\"Yoga and Tai Chi at Pandanus Resort. Find your deepest self!\" title=\"Yoga v\u00e0 Th\u00e1i c\u1ef1c quy\u1ec1n\">\t\t\t\t\t\t\t\t\t\t\t\t\t\t\t<\/div>\n\t\t\t\t<\/div>\n\t\t\t\t\t<\/div>\n\t\t<\/div>\n\t\t\t\t\t<\/div>\n\t\t<\/section>\n\t\t\t\t<section class=\"elementor-section elementor-top-section elementor-element elementor-element-5f7844cc elementor-section-stretched elementor-section-full_width list-box-items-section custom-container elementor-section-height-default elementor-section-height-default\" data-id=\"5f7844cc\" data-element_type=\"section\" data-e-type=\"section\" data-settings=\"{&quot;stretch_section&quot;:&quot;section-stretched&quot;}\">\n\t\t\t\t\t\t<div class=\"elementor-container elementor-column-gap-no\">\n\t\t\t\t\t<div class=\"elementor-column elementor-col-50 elementor-top-column elementor-element elementor-element-1c922dd3\" data-id=\"1c922dd3\" data-element_type=\"column\" data-e-type=\"column\">\n\t\t\t<div class=\"elementor-widget-wrap elementor-element-populated\">\n\t\t\t\t\t\t<div class=\"elementor-element elementor-element-10ca78a1 list-box-item button-link orange elementor-widget elementor-widget-text-editor\" data-id=\"10ca78a1\" data-element_type=\"widget\" data-e-type=\"widget\" data-widget_type=\"text-editor.default\">\n\t\t\t\t<div class=\"elementor-widget-container\">\n\t\t\t\t\t\t\t\t\t<h4>L\u1edbp h\u1ecdc Th\u00e1i C\u1ef1c Quy\u1ec1n<\/h4><p><strong>Mi\u1ec5n ph\u00ed<\/strong><\/p><p><strong>Th\u1eddi gian:<\/strong> 08:15 \u2013 09:00 M\u1ed7i Ng\u00e0y<\/p><p><strong>\u0110\u1ecba \u0111i\u1ec3m:<\/strong> Khu v\u1ef1c Yoga &amp; Th\u00e1i C\u1ef1c Quy\u1ec1n g\u1ea7n H\u1ed3 b\u01a1i Orchid<\/p><p>Ch\u00e0o ng\u00e0y m\u1edbi v\u1edbi n\u0103ng l\u01b0\u1ee3ng tr\u00e0n \u0111\u1ea7y! H\u00e3y tham gia l\u1edbp h\u1ecdc Th\u00e1i C\u1ef1c Quy\u1ec1n \u0111\u1ec3 kh\u00e1m ph\u00e1 s\u1ef1 c\u00e2n b\u1eb1ng n\u1ed9i t\u00e2m v\u00e0 r\u00e8n luy\u1ec7n s\u1ee9c kh\u1ecfe. D\u01b0\u1edbi s\u1ef1 h\u01b0\u1edbng d\u1eabn c\u1ee7a gi\u00e1o vi\u00ean chuy\u00ean nghi\u1ec7p, b\u1ea1n s\u1ebd c\u00f3 nh\u1eefng tr\u1ea3i nghi\u1ec7m tuy\u1ec7t v\u1eddi, gi\u00fap c\u01a1 th\u1ec3 v\u00e0 t\u00e2m tr\u00ed h\u00f2a h\u1ee3p.<\/p><p>Ph\u00f9 h\u1ee3p cho m\u1ecdi c\u1ea5p \u0111\u1ed9: t\u1eeb ng\u01b0\u1eddi m\u1edbi b\u1eaft \u0111\u1ea7u \u0111\u1ebfn ng\u01b0\u1eddi \u0111\u00e3 t\u1eadp l\u00e2u n\u0103m.<\/p>\t\t\t\t\t\t\t\t<\/div>\n\t\t\t\t<\/div>\n\t\t\t\t\t<\/div>\n\t\t<\/div>\n\t\t\t\t<div class=\"elementor-column elementor-col-50 elementor-top-column elementor-element elementor-element-11cc485 item mask rectangle\" data-id=\"11cc485\" data-element_type=\"column\" data-e-type=\"column\">\n\t\t\t<div class=\"elementor-widget-wrap elementor-element-populated\">\n\t\t\t\t\t\t<div class=\"elementor-element elementor-element-5477f7a9 ratio1-1 elementor-widget elementor-widget-image\" data-id=\"5477f7a9\" data-element_type=\"widget\" data-e-type=\"widget\" data-settings=\"{&quot;sticky&quot;:&quot;top&quot;,&quot;sticky_on&quot;:[&quot;desktop&quot;],&quot;sticky_parent&quot;:&quot;yes&quot;,&quot;sticky_offset&quot;:0,&quot;sticky_effects_offset&quot;:0,&quot;sticky_anchor_link_offset&quot;:0}\" data-widget_type=\"image.default\">\n\t\t\t\t<div class=\"elementor-widget-container\">\n\t\t\t\t\t\t\t\t\t\t\t\t\t\t\t<img decoding=\"async\" width=\"2048\" height=\"1365\" src=\"https:\/\/www.pandanusresort.com\/wp-content\/uploads\/2025\/06\/Pandanus-Resort-Yoga-and-Tai-Chi-2.jpg\" class=\"attachment-full size-full wp-image-410997\" alt=\"Yoga and Tai Chi at Pandanus Resort. Find your deepest self!\" title=\"Yoga v\u00e0 Th\u00e1i c\u1ef1c quy\u1ec1n\">\t\t\t\t\t\t\t\t\t\t\t\t\t\t\t<\/div>\n\t\t\t\t<\/div>\n\t\t\t\t\t<\/div>\n\t\t<\/div>\n\t\t\t\t\t<\/div>\n\t\t<\/section>\n\t\t\t\t<\/div>\n\t\t","protected":false},"excerpt":{"rendered":"<p>L\u1edbp h\u1ecdc Yoga Mi\u1ec5n ph\u00ed Th\u1eddi gian: 09:30 \u2013 10:30 M\u1ed7i Ng\u00e0y \u0110\u1ecba \u0111i\u1ec3m: Khu v\u1ef1c Yoga &amp; Th\u00e1i C\u1ef1c Quy\u1ec1n g\u1ea7n H\u1ed3 b\u01a1i Orchid Kh\u1edfi \u0111\u1ea7u ng\u00e0y m\u1edbi v\u1edbi n\u0103ng l\u01b0\u1ee3ng t\u00edch c\u1ef1c v\u00e0 s\u1ef1 b\u00ecnh y\u00ean c\u00f9ng l\u1edbp Yoga t\u1ea1i Pandanus Resort. C\u00e1c bu\u1ed5i t\u1eadp \u0111\u01b0\u1ee3c h\u01b0\u1edbng d\u1eabn b\u1edfi hu\u1ea5n luy\u1ec7n vi\u00ean gi\u00e0u [&hellip;]<\/p>\n","protected":false},"author":2,"featured_media":411018,"parent":1412,"menu_order":44,"comment_status":"closed","ping_status":"closed","template":"","meta":{"_acf_changed":false,"ngg_post_thumbnail":0,"footnotes":""},"class_list":["post-411026","page","type-page","status-publish","has-post-thumbnail","hentry"],"acf":[],"_links":{"self":[{"href":"https:\/\/www.pandanusresort.com\/vn\/wp-json\/wp\/v2\/pages\/411026","targetHints":{"allow":["GET"]}}],"collection":[{"href":"https:\/\/www.pandanusresort.com\/vn\/wp-json\/wp\/v2\/pages"}],"about":[{"href":"https:\/\/www.pandanusresort.com\/vn\/wp-json\/wp\/v2\/types\/page"}],"author":[{"embeddable":true,"href":"https:\/\/www.pandanusresort.com\/vn\/wp-json\/wp\/v2\/users\/2"}],"replies":[{"embeddable":true,"href":"https:\/\/www.pandanusresort.com\/vn\/wp-json\/wp\/v2\/comments?post=411026"}],"version-history":[{"count":0,"href":"https:\/\/www.pandanusresort.com\/vn\/wp-json\/wp\/v2\/pages\/411026\/revisions"}],"up":[{"embeddable":true,"href":"https:\/\/www.pandanusresort.com\/vn\/wp-json\/wp\/v2\/pages\/1412"}],"wp:featuredmedia":[{"embeddable":true,"href":"https:\/\/www.pandanusresort.com\/vn\/wp-json\/wp\/v2\/media\/411018"}],"wp:attachment":[{"href":"https:\/\/www.pandanusresort.com\/vn\/wp-json\/wp\/v2\/media?parent=411026"}],"curies":[{"name":"wp","href":"https:\/\/api.w.org\/{rel}","templated":true}]}}