{"id":62909,"date":"2021-10-29T21:09:15","date_gmt":"2021-10-29T14:09:15","guid":{"rendered":"https:\/\/www.pandanusresort.com\/?page_id=62909"},"modified":"2025-11-03T20:38:47","modified_gmt":"2025-11-03T13:38:47","slug":"dieu-kien-va-dieu-khoan-doi-voi-khach-luu-tru-ve-phong-dich-covid-19","status":"publish","type":"page","link":"https:\/\/www.pandanusresort.com\/vn\/dieu-kien-va-dieu-khoan-doi-voi-khach-luu-tru-ve-phong-dich-covid-19\/","title":{"rendered":"\u0110i\u1ec1u ki\u1ec7n v\u00e0 \u0111i\u1ec1u kho\u1ea3n \u0111\u1ed1i v\u1edbi kh\u00e1ch l\u01b0u tr\u00fa v\u1ec1 ph\u00f2ng d\u1ecbch COVID-19"},"content":{"rendered":"\t\t<div data-elementor-type=\"wp-page\" data-elementor-id=\"62909\" class=\"elementor elementor-62909 elementor-62905\" data-elementor-post-type=\"page\">\n\t\t\t\t\t\t<section class=\"elementor-section elementor-top-section elementor-element elementor-element-46864223 elementor-section-boxed elementor-section-height-default elementor-section-height-default\" data-id=\"46864223\" data-element_type=\"section\" data-e-type=\"section\">\n\t\t\t\t\t\t<div class=\"elementor-container elementor-column-gap-default\">\n\t\t\t\t\t<div class=\"elementor-column elementor-col-100 elementor-top-column elementor-element elementor-element-52a802c7\" data-id=\"52a802c7\" data-element_type=\"column\" data-e-type=\"column\">\n\t\t\t<div class=\"elementor-widget-wrap elementor-element-populated\">\n\t\t\t\t\t\t<div class=\"elementor-element elementor-element-2848bdef elementor-widget elementor-widget-text-editor\" data-id=\"2848bdef\" data-element_type=\"widget\" data-e-type=\"widget\" data-widget_type=\"text-editor.default\">\n\t\t\t\t<div class=\"elementor-widget-container\">\n\t\t\t\t\t\t\t\t\t<p><strong>\u0110I\u1ec0U KI\u1ec6N V\u00c0 \u0110I\u1ec0U KHO\u1ea2N \u0110\u1ed0I V\u1edaI KH\u00c1CH L\u01afU TR\u00da V\u1ec0 PH\u00d2NG D\u1ecaCH COVID-19 <\/strong><\/p><p>1. Kh\u00e1ch t\u1eeb 18 tu\u1ed5i tr\u1edf l\u00ean ph\u1ea3i c\u00f3 ch\u1ee9ng nh\u1eadn ti\u00eam \u0111\u1ee7 2 li\u1ec1u v\u1eafc xin ng\u1eeba Covid-19 v\u00e0 li\u1ec1u cu\u1ed1i c\u00f9ng \u0111\u00e3 qua 14 ng\u00e0y.<br \/>2. Tr\u1ebb em d\u01b0\u1edbi 18 tu\u1ed5i ch\u01b0a ti\u00eam vaccine ph\u1ea3i c\u00f3 gi\u1ea5y x\u00e1c nh\u1eadn test nhanh \u00e2m t\u00ednh Covid-19 th\u1ef1c hi\u1ec7n v\u00e0 tr\u1ea3 k\u1ebft qu\u1ea3 c\u00f9ng ng\u00e0y \u0111\u1ebfn.<br \/>3. Kh\u00e1ch kh\u00f4ng l\u00e0 d\u1ea1ng F1 ti\u1ebfp x\u00fac g\u1ea7n (theo h\u01b0\u1edbng d\u1eabn c\u1ee7a c\u01a1 quan ph\u00f2ng ch\u1ed1ng d\u1ecbch Vi\u1ec7t Nam). <br \/>4. Kh\u00e1ch c\u00f3 t\u00ecnh tr\u1ea1ng s\u1ee9c kh\u1ecfe \u1ed5n \u0111\u1ecbnh kh\u00f4ng c\u00f3 c\u00e1c d\u1ea5u hi\u1ec7u nh\u01b0 ho, s\u1ed1t v\u00e0 m\u1ea5t v\u1ecb gi\u00e1c. <br \/>5. N\u1ebfu kh\u00e1ch l\u00e0 F0 kh\u1ecfi b\u1ec7nh th\u00ec ph\u1ea3i c\u00f3 ch\u1ee9ng nh\u1eadn c\u1ee7a Y T\u1ebf \u0110\u1ecba Ph\u01b0\u01a1ng l\u00e0 \u00e2m t\u00ednh kh\u1ecfi b\u1ec7nh. Th\u1eddi gian kh\u1ecfi b\u1ec7nh ph\u1ea3i qua 14 ng\u00e0y v\u00e0 kh\u00f4ng qu\u00e1 06 th\u00e1ng t\u00ednh t\u1eeb ng\u00e0y c\u00f3 x\u00e9t nghi\u1ec7m \u00e2m t\u00ednh kh\u1ecfi b\u1ec7nh.<\/p>\t\t\t\t\t\t\t\t<\/div>\n\t\t\t\t<\/div>\n\t\t\t\t\t<\/div>\n\t\t<\/div>\n\t\t\t\t\t<\/div>\n\t\t<\/section>\n\t\t\t\t<\/div>\n\t\t","protected":false},"excerpt":{"rendered":"<p>\u0110I\u1ec0U KI\u1ec6N V\u00c0 \u0110I\u1ec0U KHO\u1ea2N \u0110\u1ed0I V\u1edaI KH\u00c1CH L\u01afU TR\u00da V\u1ec0 PH\u00d2NG D\u1ecaCH COVID-19 1. Kh\u00e1ch t\u1eeb 18 tu\u1ed5i tr\u1edf l\u00ean ph\u1ea3i c\u00f3 ch\u1ee9ng nh\u1eadn ti\u00eam \u0111\u1ee7 2 li\u1ec1u v\u1eafc xin ng\u1eeba Covid-19 v\u00e0 li\u1ec1u cu\u1ed1i c\u00f9ng \u0111\u00e3 qua 14 ng\u00e0y. 2. Tr\u1ebb em d\u01b0\u1edbi 18 tu\u1ed5i ch\u01b0a ti\u00eam vaccine ph\u1ea3i c\u00f3 gi\u1ea5y x\u00e1c nh\u1eadn [&hellip;]<\/p>\n","protected":false},"author":2,"featured_media":413628,"parent":0,"menu_order":42,"comment_status":"closed","ping_status":"closed","template":"","meta":{"_acf_changed":false,"ngg_post_thumbnail":0,"footnotes":""},"class_list":["post-62909","page","type-page","status-publish","has-post-thumbnail","hentry"],"acf":[],"_links":{"self":[{"href":"https:\/\/www.pandanusresort.com\/vn\/wp-json\/wp\/v2\/pages\/62909","targetHints":{"allow":["GET"]}}],"collection":[{"href":"https:\/\/www.pandanusresort.com\/vn\/wp-json\/wp\/v2\/pages"}],"about":[{"href":"https:\/\/www.pandanusresort.com\/vn\/wp-json\/wp\/v2\/types\/page"}],"author":[{"embeddable":true,"href":"https:\/\/www.pandanusresort.com\/vn\/wp-json\/wp\/v2\/users\/2"}],"replies":[{"embeddable":true,"href":"https:\/\/www.pandanusresort.com\/vn\/wp-json\/wp\/v2\/comments?post=62909"}],"version-history":[{"count":0,"href":"https:\/\/www.pandanusresort.com\/vn\/wp-json\/wp\/v2\/pages\/62909\/revisions"}],"wp:featuredmedia":[{"embeddable":true,"href":"https:\/\/www.pandanusresort.com\/vn\/wp-json\/wp\/v2\/media\/413628"}],"wp:attachment":[{"href":"https:\/\/www.pandanusresort.com\/vn\/wp-json\/wp\/v2\/media?parent=62909"}],"curies":[{"name":"wp","href":"https:\/\/api.w.org\/{rel}","templated":true}]}}